{"id":3,"date":"2019-10-18T10:57:53","date_gmt":"2019-10-18T10:57:53","guid":{"rendered":"https:\/\/marmesanteodoro.it\/?page_id=3"},"modified":"2025-03-04T17:20:59","modified_gmt":"2025-03-04T17:20:59","slug":"privacy-policy","status":"publish","type":"page","link":"https:\/\/santeodoroholidays.it\/de\/privacy-policy\/","title":{"rendered":"Datenschutzerkl\u00e4rung"},"content":{"rendered":"<p>DATENSCHUTZRICHTLINIE UND COOKIE-RICHTLINIE<br \/>\nDiese Richtlinie beschreibt die vom<\/p>\n<p>BLU HOLIDAYS S.R.L.S (im Folgenden der \u201eVerantwortliche\u201c) im Zusammenhang mit der Verarbeitung personenbezogener Daten, die \u00fcber die Website https:\/\/santeodoroholidays.it (im Folgenden die \u201eWebsite\u201c) erhoben werden, befolgten Verfahren.<\/p>\n<p>Sofern nicht anders angegeben, gilt diese Richtlinie auch als Information \u2013 gem\u00e4\u00df Art. 13 des Gesetzesdekrets Nr. 196\/2003 (im Folgenden der \u201eCode\u201c) und Art. 13 der Verordnung (EU) Nr. 2016\/679 (im Folgenden die \u201eDSGVO\u201c) \u2013 f\u00fcr diejenigen, die mit der Website interagieren (im Folgenden der \u201eNutzer\u201c).<br \/>\nDetaillierte Informationen zur Verarbeitung personenbezogener Daten sind, falls erforderlich, auf den Seiten zu den einzelnen \u00fcber die Website angebotenen Dienstleistungen zu finden. Diese Informationen dienen dazu, die Grenzen und Modalit\u00e4ten der Verarbeitung personenbezogener Daten jeder Dienstleistung zu definieren, auf deren Grundlage der Nutzer seine Zustimmung frei erteilen kann, falls erforderlich, und gegebenenfalls die Erhebung der Daten und deren anschlie\u00dfende Verarbeitung zu autorisieren.<br \/>\nVerantwortlicher f\u00fcr die Verarbeitung. Verantwortliche f\u00fcr die Verarbeitung.<br \/>\nDer Verantwortliche f\u00fcr die Verarbeitung ist BLU HOLIDAYS S.R.L.S mit Sitz in VIA NAZIONALE, 28 07052 \u2013 SAN TEODORO (SS), Tel. <span class=\"elementor-icon-list-text\">+39 331 625 0968<\/span>und E-Mail info@santeodoroholidays.it. Die aktuelle Liste der eventuellen Verantwortlichen f\u00fcr die Verarbeitung ist am Sitz des Verantwortlichen verf\u00fcgbar.<\/p>\n<p>Datenschutzbeauftragter.<br \/>\nDer vom Verantwortlichen benannte Datenschutzbeauftragte ist erreichbar unter:<br \/>\n\u2013 Postanschrift, an die Adresse [Postanschrift, z.Hd. des Datenschutzbeauftragten];<br \/>\n\u2013 Telefon, unter der Nummer <span class=\"elementor-icon-list-text\">+39 331 625 0968<\/span>;<br \/>\n\u2013 E-Mail, an die Adresse info@santeodoroholidays.it<\/p>\n<p>Verarbeitete Datenarten.<br \/>\n\u00dcber die Website k\u00f6nnen folgende Daten erhoben und verarbeitet werden:<br \/>\n\u2013 Navigationsdaten;<br \/>\n\u2013 personenbezogene Daten, die der Nutzer freiwillig in den auf der Website vorhandenen Formularen angibt.<\/p>\n<p>Cookies.<br \/>\nCookies sind kleine Textdateien, die von besuchten Websites an das Endger\u00e4t des Nutzers gesendet und dort gespeichert werden, um bei einem sp\u00e4teren Besuch an dieselben Websites zur\u00fcckgesendet zu werden.<br \/>\nDie Website verwendet technische Cookies, sowohl eigene als auch von Drittanbietern. Da diese Cookies technischer Natur sind, ist f\u00fcr deren Installation und Nutzung keine vorherige Zustimmung des Nutzers erforderlich.<br \/>\nInsbesondere lassen sich die auf der Website verwendeten Cookies folgenden Unterkategorien zuordnen:<br \/>\n\u2013 Navigations- oder Session-Cookies, die die normale Navigation und Nutzung der Websites gew\u00e4hrleisten. Da sie nicht auf dem Computer des Nutzers gespeichert werden, verfallen sie mit dem Schlie\u00dfen des Browsers;<br \/>\n\u2013 analytische Cookies, mit denen statistische Informationen \u00fcber die Anzahl der Nutzer und die Besuche der Websites gesammelt und analysiert werden;<br \/>\n\u2013 Social Widgets und Plugins: Einige Widgets und Plugins, die von sozialen Netzwerken bereitgestellt werden, k\u00f6nnen eigene Cookies verwenden, um die Interaktion mit der jeweiligen Website zu erleichtern.<\/p>\n<p>Nachfolgend sind die auf der Website installierten Cookies von Drittanbietern aufgef\u00fchrt. F\u00fcr jedes davon ist der Link zur jeweiligen Datenschutzerkl\u00e4rung und zu den Modalit\u00e4ten der eventuellen Deaktivierung der verwendeten Cookies angegeben. Bez\u00fcglich der Cookies von Drittanbietern ist der Verantwortliche lediglich verpflichtet, in dieser Richtlinie den Link zur Website des Drittanbieters einzuf\u00fcgen. Die Informationspflicht sowie die Angabe der Modalit\u00e4ten f\u00fcr die eventuelle Zustimmung und\/oder Deaktivierung der Cookies obliegen diesem Anbieter.<br \/>\n\u2013 Google Analytics:<br \/>\nInformation unter https:\/\/www.google.com\/intl\/it_ALL\/analytics\/learn\/privacy.html<br \/>\nOpt-Out unter<br \/>\nhttps:\/\/tools.google.com\/dlpage\/gaoptout\/<\/p>\n<p>Cookies k\u00f6nnen vom Nutzer deaktiviert werden, indem die Browsereinstellungen basierend auf den<br \/>\nAnweisungen der jeweiligen Anbieter unter den unten aufgef\u00fchrten Links ge\u00e4ndert werden.<br \/>\n\u2013 Internet Explorer: http:\/\/windows.microsoft.com\/it-IT\/internet-explorer\/delete-manage-cookies#ie=ie-11<br \/>\n\u2013 Mozilla Firefox: https:\/\/support.mozilla.org\/it\/kb\/Attivare%20e%20disattivare%20i%20cookie<br \/>\n\u2013 Google Chrome: https:\/\/support.google.com\/chrome\/answer\/95647-hl=it<br \/>\n\u2013 Apple Safari: https:\/\/support.apple.com\/it-it\/HT201265<br \/>\n\u2013 Opera: http:\/\/www.opera.com\/help\/tutorials\/security\/cookies\/<\/p>\n<p>Zweck und Rechtsgrundlage der Verarbeitung.<br \/>\nDie \u00fcber die Website erhobenen personenbezogenen Daten werden zur Bearbeitung von Informations- oder Dokumentenanfragen des Nutzers verarbeitet.<br \/>\nDie Verarbeitung personenbezogener Daten f\u00fcr den oben genannten Zweck erfordert keine Einwilligung des Nutzers, da die Verarbeitung zur Erf\u00fcllung spezifischer Anfragen der betroffenen Person gem\u00e4\u00df Art. 24 Abs. 1 Buchst.<br \/>\nb) des Codes und Art. 6 Abs. 1 Buchst. b) der DSGVO erforderlich ist.<br \/>\nBereitstellung der Daten und Folgen bei Nichtbereitstellung.<br \/>\nDie Bereitstellung der personenbezogenen Daten f\u00fcr den oben genannten Zweck ist freiwillig, und die Nichtbereitstellung f\u00fchrt lediglich dazu, dass der Verantwortliche die Anfragen der betroffenen Person nicht bearbeiten und erf\u00fcllen kann.<\/p>\n<p>Verarbeitungsmethoden. Die personenbezogenen Daten werden mit elektronischen Mitteln verarbeitet, auch durch Eingabe und Organisation in Datenbanken, in \u00dcbereinstimmung mit den Bestimmungen des Codes und der DSGVO hinsichtlich Sicherheitsma\u00dfnahmen.<br \/>\nEmpf\u00e4nger oder Kategorien von Empf\u00e4ngern.<br \/>\nDie personenbezogenen Daten k\u00f6nnen den folgenden Personen zug\u00e4nglich gemacht, bekanntgegeben oder \u00fcbermittelt werden, die je nach Fall als Verantwortliche oder Auftragsverarbeiter benannt werden:<br \/>\n\u2013 Unternehmen der Gruppe, zu der der Verantwortliche geh\u00f6rt (Muttergesellschaften, Tochtergesellschaften, verbundene Unternehmen), Mitarbeiter und\/oder Mitarbeiter jeglicher Art des Verantwortlichen;<br \/>\n\u2013 \u00f6ffentliche oder private Stellen, nat\u00fcrliche oder juristische Personen, die der Verantwortliche f\u00fcr die Durchf\u00fchrung der zur Erreichung des oben genannten Zwecks erforderlichen T\u00e4tigkeiten einsetzt oder denen der Verantwortliche personenbezogene Daten aufgrund gesetzlicher oder vertraglicher Verpflichtungen mitteilen muss.<br \/>\nIn jedem Fall werden die personenbezogenen Daten nicht verbreitet.<\/p>\n<p>Aufbewahrungszeitraum.<br \/>\nDie personenbezogenen Daten werden f\u00fcr 1 Jahr ab ihrer Erfassung aufbewahrt.<br \/>\nRechte auf Zugang, L\u00f6schung, Einschr\u00e4nkung und Daten\u00fcbertragbarkeit.<br \/>\nDen Betroffenen werden die Rechte gem\u00e4\u00df Art. 7 des Codes und den Artikeln 15 bis 20 der DSGVO einger\u00e4umt. Beispielsweise kann jeder Betroffene:<br \/>\na) die Best\u00e4tigung erhalten, ob eine Verarbeitung personenbezogener Daten, die ihn betreffen, stattfindet oder nicht;<br \/>\nb) falls eine Verarbeitung stattfindet, Zugang zu den personenbezogenen Daten und den Informationen \u00fcber die Verarbeitung erhalten sowie eine Kopie der personenbezogenen Daten anfordern;<br \/>\nc) die Berichtigung unrichtiger personenbezogener Daten und die Vervollst\u00e4ndigung unvollst\u00e4ndiger personenbezogener Daten verlangen;<br \/>\nd) die L\u00f6schung der ihn betreffenden personenbezogenen Daten verlangen, sofern eine der in Art. 17 der DSGVO vorgesehenen Bedingungen vorliegt;<br \/>\ne) in den in Art. 18 der DSGVO vorgesehenen F\u00e4llen die Einschr\u00e4nkung der Verarbeitung verlangen;<br \/>\nf) die ihn betreffenden personenbezogenen Daten in einem strukturierten, g\u00e4ngigen und maschinenlesbaren Format erhalten und deren \u00dcbermittlung an einen anderen Verantwortlichen verlangen, sofern dies technisch machbar ist.<\/p>\n<p>Widerspruchsrecht.<br \/>\nJeder Betroffene hat das Recht, jederzeit Widerspruch gegen die Verarbeitung seiner personenbezogenen Daten einzulegen, die zur Wahrung eines berechtigten Interesses des Verantwortlichen erfolgt. Im Falle eines Widerspruchs werden seine personenbezogenen Daten nicht mehr verarbeitet, sofern nicht berechtigte Gr\u00fcnde f\u00fcr die Verarbeitung vorliegen, die die Interessen, Rechte und Freiheiten des Betroffenen \u00fcberwiegen, oder die Verarbeitung zur Geltendmachung, Aus\u00fcbung oder Verteidigung von Rechtsanspr\u00fcchen erforderlich ist.<\/p>\n<p>Beschwerderecht bei der Aufsichtsbeh\u00f6rde.<br \/>\nDar\u00fcber hinaus kann jeder Betroffene Beschwerde bei der Aufsichtsbeh\u00f6rde f\u00fcr den Datenschutz einreichen, wenn er der Ansicht ist, dass seine Rechte gem\u00e4\u00df dem Code und der DSGVO verletzt wurden, gem\u00e4\u00df den<br \/>\nauf der Website der Aufsichtsbeh\u00f6rde unter der Adresse www.garanteprivacy.it angegebenen Modalit\u00e4ten.<br \/>\nAktualisierungen. Diese Datenschutzerkl\u00e4rung kann aktualisiert werden. Der Verantwortliche l\u00e4dt daher die Nutzer, die sich \u00fcber die Verarbeitung der \u00fcber die Websites erhobenen personenbezogenen Daten informieren m\u00f6chten, ein, diese Seite regelm\u00e4\u00dfig zu besuchen.<\/p>","protected":false},"excerpt":{"rendered":"<p>PRIVACY POLICY E COOKIE POLICY La presente policy descrive le procedure seguite da BLU HOLIDAYS S.R.L.S (di seguito il \u201cTitolare\u201d) in relazione al trattamento dei dati personali raccolti attraverso il sito https:\/\/santeodoroholidays.it (di seguito il \u201cSito\u201d). Laddove non diversamente specificato, la presente policy vale anche quale informativa \u2013 ai sensi dell\u2019art. 13 del d.lgs. n. [&hellip;]<\/p>","protected":false},"author":7,"featured_media":0,"parent":0,"menu_order":0,"comment_status":"closed","ping_status":"closed","template":"","meta":{"_acf_changed":false,"footnotes":""},"class_list":["post-3","page","type-page","status-publish","hentry"],"acf":[],"yoast_head":"<!-- This site is optimized with the Yoast SEO plugin v27.3 - https:\/\/yoast.com\/product\/yoast-seo-wordpress\/ -->\n<title>Privacy Policy - San Teodoro Holidays<\/title>\n<meta name=\"robots\" content=\"index, follow, max-snippet:-1, max-image-preview:large, max-video-preview:-1\" \/>\n<link rel=\"canonical\" href=\"https:\/\/santeodoroholidays.it\/de\/privacy-policy\/\" \/>\n<meta property=\"og:locale\" content=\"de_DE\" \/>\n<meta property=\"og:type\" content=\"article\" \/>\n<meta property=\"og:title\" content=\"Privacy Policy - San Teodoro Holidays\" \/>\n<meta property=\"og:description\" content=\"PRIVACY POLICY E COOKIE POLICY La presente policy descrive le procedure seguite da BLU HOLIDAYS S.R.L.S (di seguito il \u201cTitolare\u201d) in relazione al trattamento dei dati personali raccolti attraverso il sito https:\/\/santeodoroholidays.it (di seguito il \u201cSito\u201d). Laddove non diversamente specificato, la presente policy vale anche quale informativa \u2013 ai sensi dell\u2019art. 13 del d.lgs. n. [&hellip;]\" \/>\n<meta property=\"og:url\" content=\"https:\/\/santeodoroholidays.it\/de\/privacy-policy\/\" \/>\n<meta property=\"og:site_name\" content=\"San Teodoro Holidays\" \/>\n<meta property=\"article:modified_time\" content=\"2025-03-04T17:20:59+00:00\" \/>\n<meta name=\"twitter:card\" content=\"summary_large_image\" \/>\n<meta name=\"twitter:label1\" content=\"Gesch\u00e4tzte Lesezeit\" \/>\n\t<meta name=\"twitter:data1\" content=\"6 minutes\" \/>\n<script type=\"application\/ld+json\" class=\"yoast-schema-graph\">{\"@context\":\"https:\\\/\\\/schema.org\",\"@graph\":[{\"@type\":\"WebPage\",\"@id\":\"https:\\\/\\\/santeodoroholidays.it\\\/privacy-policy\\\/\",\"url\":\"https:\\\/\\\/santeodoroholidays.it\\\/privacy-policy\\\/\",\"name\":\"Privacy Policy - San Teodoro Holidays\",\"isPartOf\":{\"@id\":\"https:\\\/\\\/santeodoroholidays.it\\\/#website\"},\"datePublished\":\"2019-10-18T10:57:53+00:00\",\"dateModified\":\"2025-03-04T17:20:59+00:00\",\"breadcrumb\":{\"@id\":\"https:\\\/\\\/santeodoroholidays.it\\\/privacy-policy\\\/#breadcrumb\"},\"inLanguage\":\"de-DE\",\"potentialAction\":[{\"@type\":\"ReadAction\",\"target\":[\"https:\\\/\\\/santeodoroholidays.it\\\/privacy-policy\\\/\"]}]},{\"@type\":\"BreadcrumbList\",\"@id\":\"https:\\\/\\\/santeodoroholidays.it\\\/privacy-policy\\\/#breadcrumb\",\"itemListElement\":[{\"@type\":\"ListItem\",\"position\":1,\"name\":\"Home\",\"item\":\"https:\\\/\\\/santeodoroholidays.it\\\/\"},{\"@type\":\"ListItem\",\"position\":2,\"name\":\"Privacy Policy\"}]},{\"@type\":\"WebSite\",\"@id\":\"https:\\\/\\\/santeodoroholidays.it\\\/#website\",\"url\":\"https:\\\/\\\/santeodoroholidays.it\\\/\",\"name\":\"San Teodoro Holidays\",\"description\":\"Affittacamere a San Teodoro\",\"publisher\":{\"@id\":\"https:\\\/\\\/santeodoroholidays.it\\\/#organization\"},\"potentialAction\":[{\"@type\":\"SearchAction\",\"target\":{\"@type\":\"EntryPoint\",\"urlTemplate\":\"https:\\\/\\\/santeodoroholidays.it\\\/?s={search_term_string}\"},\"query-input\":{\"@type\":\"PropertyValueSpecification\",\"valueRequired\":true,\"valueName\":\"search_term_string\"}}],\"inLanguage\":\"de-DE\"},{\"@type\":\"Organization\",\"@id\":\"https:\\\/\\\/santeodoroholidays.it\\\/#organization\",\"name\":\"San Teodoro Holidays\",\"url\":\"https:\\\/\\\/santeodoroholidays.it\\\/\",\"logo\":{\"@type\":\"ImageObject\",\"inLanguage\":\"de-DE\",\"@id\":\"https:\\\/\\\/santeodoroholidays.it\\\/#\\\/schema\\\/logo\\\/image\\\/\",\"url\":\"https:\\\/\\\/santeodoroholidays.it\\\/wp-content\\\/uploads\\\/2021\\\/04\\\/logo-santeodoro.png\",\"contentUrl\":\"https:\\\/\\\/santeodoroholidays.it\\\/wp-content\\\/uploads\\\/2021\\\/04\\\/logo-santeodoro.png\",\"width\":789,\"height\":313,\"caption\":\"San Teodoro Holidays\"},\"image\":{\"@id\":\"https:\\\/\\\/santeodoroholidays.it\\\/#\\\/schema\\\/logo\\\/image\\\/\"}}]}<\/script>\n<!-- \/ Yoast SEO plugin. -->","yoast_head_json":{"title":"Privacy Policy - San Teodoro Holidays","robots":{"index":"index","follow":"follow","max-snippet":"max-snippet:-1","max-image-preview":"max-image-preview:large","max-video-preview":"max-video-preview:-1"},"canonical":"https:\/\/santeodoroholidays.it\/de\/privacy-policy\/","og_locale":"de_DE","og_type":"article","og_title":"Privacy Policy - San Teodoro Holidays","og_description":"PRIVACY POLICY E COOKIE POLICY La presente policy descrive le procedure seguite da BLU HOLIDAYS S.R.L.S (di seguito il \u201cTitolare\u201d) in relazione al trattamento dei dati personali raccolti attraverso il sito https:\/\/santeodoroholidays.it (di seguito il \u201cSito\u201d). Laddove non diversamente specificato, la presente policy vale anche quale informativa \u2013 ai sensi dell\u2019art. 13 del d.lgs. n. [&hellip;]","og_url":"https:\/\/santeodoroholidays.it\/de\/privacy-policy\/","og_site_name":"San Teodoro Holidays","article_modified_time":"2025-03-04T17:20:59+00:00","twitter_card":"summary_large_image","twitter_misc":{"Gesch\u00e4tzte Lesezeit":"6 minutes"},"schema":{"@context":"https:\/\/schema.org","@graph":[{"@type":"WebPage","@id":"https:\/\/santeodoroholidays.it\/privacy-policy\/","url":"https:\/\/santeodoroholidays.it\/privacy-policy\/","name":"Privacy Policy - San Teodoro Holidays","isPartOf":{"@id":"https:\/\/santeodoroholidays.it\/#website"},"datePublished":"2019-10-18T10:57:53+00:00","dateModified":"2025-03-04T17:20:59+00:00","breadcrumb":{"@id":"https:\/\/santeodoroholidays.it\/privacy-policy\/#breadcrumb"},"inLanguage":"de-DE","potentialAction":[{"@type":"ReadAction","target":["https:\/\/santeodoroholidays.it\/privacy-policy\/"]}]},{"@type":"BreadcrumbList","@id":"https:\/\/santeodoroholidays.it\/privacy-policy\/#breadcrumb","itemListElement":[{"@type":"ListItem","position":1,"name":"Home","item":"https:\/\/santeodoroholidays.it\/"},{"@type":"ListItem","position":2,"name":"Privacy Policy"}]},{"@type":"WebSite","@id":"https:\/\/santeodoroholidays.it\/#website","url":"https:\/\/santeodoroholidays.it\/","name":"San Teodoro Holidays","description":"Affittacamere a San Teodoro","publisher":{"@id":"https:\/\/santeodoroholidays.it\/#organization"},"potentialAction":[{"@type":"SearchAction","target":{"@type":"EntryPoint","urlTemplate":"https:\/\/santeodoroholidays.it\/?s={search_term_string}"},"query-input":{"@type":"PropertyValueSpecification","valueRequired":true,"valueName":"search_term_string"}}],"inLanguage":"de-DE"},{"@type":"Organization","@id":"https:\/\/santeodoroholidays.it\/#organization","name":"San Teodoro Holidays","url":"https:\/\/santeodoroholidays.it\/","logo":{"@type":"ImageObject","inLanguage":"de-DE","@id":"https:\/\/santeodoroholidays.it\/#\/schema\/logo\/image\/","url":"https:\/\/santeodoroholidays.it\/wp-content\/uploads\/2021\/04\/logo-santeodoro.png","contentUrl":"https:\/\/santeodoroholidays.it\/wp-content\/uploads\/2021\/04\/logo-santeodoro.png","width":789,"height":313,"caption":"San Teodoro Holidays"},"image":{"@id":"https:\/\/santeodoroholidays.it\/#\/schema\/logo\/image\/"}}]}},"_links":{"self":[{"href":"https:\/\/santeodoroholidays.it\/de\/wp-json\/wp\/v2\/pages\/3","targetHints":{"allow":["GET"]}}],"collection":[{"href":"https:\/\/santeodoroholidays.it\/de\/wp-json\/wp\/v2\/pages"}],"about":[{"href":"https:\/\/santeodoroholidays.it\/de\/wp-json\/wp\/v2\/types\/page"}],"author":[{"embeddable":true,"href":"https:\/\/santeodoroholidays.it\/de\/wp-json\/wp\/v2\/users\/7"}],"replies":[{"embeddable":true,"href":"https:\/\/santeodoroholidays.it\/de\/wp-json\/wp\/v2\/comments?post=3"}],"version-history":[{"count":2,"href":"https:\/\/santeodoroholidays.it\/de\/wp-json\/wp\/v2\/pages\/3\/revisions"}],"predecessor-version":[{"id":4678,"href":"https:\/\/santeodoroholidays.it\/de\/wp-json\/wp\/v2\/pages\/3\/revisions\/4678"}],"wp:attachment":[{"href":"https:\/\/santeodoroholidays.it\/de\/wp-json\/wp\/v2\/media?parent=3"}],"curies":[{"name":"wp","href":"https:\/\/api.w.org\/{rel}","templated":true}]}}