{"id":4995,"date":"2026-04-07T18:27:58","date_gmt":"2026-04-07T18:27:58","guid":{"rendered":"https:\/\/santeodoroholidays.it\/product\/la-cinta-quadrupla\/"},"modified":"2026-04-08T09:19:01","modified_gmt":"2026-04-08T09:19:01","slug":"la-cinta-quadrupla","status":"publish","type":"product","link":"https:\/\/santeodoroholidays.it\/de\/product\/la-cinta-quadrupla\/","title":{"rendered":"La Cinta \u2013 Vierbettzimmer"},"content":{"rendered":"<p>Gelegen in San Teodoro,\u00a0<strong>La Cinta<\/strong>\u00a0Luxury Home \u00f6ffnet im Juni 2025 seine T\u00fcren f\u00fcr seine Kunden.<br \/>\nMarm\u00e8, ganz neu erbaut, ist mit allem Komfort ausgestattet, um maximale Gastfreundschaft zu gew\u00e4hrleisten. Alle Zimmer von 24 bis 28 Quadratmetern, fein m\u00f6bliert, verf\u00fcgen \u00fcber WLAN, Schrank, Schreibtisch, Minibar, Safe, Flachbild-TV, eigenes Bad, Klimaanlage, Wasserkocher und Kaffeemaschine.<br \/>\nDie Cinta Luxury Home verf\u00fcgt \u00fcber einen Parkplatz innerhalb der Anlage und befindet sich in einer sehr zentralen Lage von<strong>\u00a0San Teodoro<\/strong>, nur wenige Schritte vom\u00a0<strong>Strand La Cinta<\/strong>. Die Anlage liegt in einem Wohngebiet von San Teodoro, ganz in der N\u00e4he von Restaurant, Supermarkt, Sch\u00f6nheitszentrum, Beach Bar, Beach Bus Haltestelle. Die Anlage ist 29 km vom Flughafen Olbia-Costa Smeralda entfernt.<\/p>","protected":false},"excerpt":{"rendered":"<p>Situato a San Teodoro,\u00a0La Cinta\u00a0Luxury Home apre le porte ai suoi clienti nel giugno 2025. Di nuovissima realizzazione, Marm\u00e8 \u00e8 dotato di tutti i comfort per garantire la massima ospitalit\u00e0. Tutte le camere da 24 a 28 metri quadri, finemente arredate, sono raggiunte da connessione Wi-fi, dotate di armadio, scrivania, frigo bar, cassaforte, TV a [&hellip;]<\/p>","protected":false},"featured_media":4850,"comment_status":"closed","ping_status":"closed","template":"","meta":{"_acf_changed":false},"product_brand":[],"product_cat":[102,104],"product_tag":[],"class_list":{"0":"post-4995","1":"product","2":"type-product","3":"status-publish","4":"has-post-thumbnail","6":"product_cat-camere","7":"product_cat-camere-la-cinta","9":"first","10":"instock","11":"virtual","12":"purchasable","13":"product-type-simple"},"acf":[],"yoast_head":"<!-- This site is optimized with the Yoast SEO plugin v27.3 - https:\/\/yoast.com\/product\/yoast-seo-wordpress\/ -->\n<title>La Cinta - Quadrupla - San Teodoro Holidays<\/title>\n<meta name=\"robots\" content=\"index, follow, max-snippet:-1, max-image-preview:large, max-video-preview:-1\" \/>\n<link rel=\"canonical\" href=\"https:\/\/santeodoroholidays.it\/de\/product\/la-cinta-quadrupla\/\" \/>\n<meta property=\"og:locale\" content=\"de_DE\" \/>\n<meta property=\"og:type\" content=\"article\" \/>\n<meta property=\"og:title\" content=\"La Cinta - Quadrupla - San Teodoro Holidays\" \/>\n<meta property=\"og:description\" content=\"Situato a San Teodoro,\u00a0La Cinta\u00a0Luxury Home apre le porte ai suoi clienti nel giugno 2025. Di nuovissima realizzazione, Marm\u00e8 \u00e8 dotato di tutti i comfort per garantire la massima ospitalit\u00e0. Tutte le camere da 24 a 28 metri quadri, finemente arredate, sono raggiunte da connessione Wi-fi, dotate di armadio, scrivania, frigo bar, cassaforte, TV a [&hellip;]\" \/>\n<meta property=\"og:url\" content=\"https:\/\/santeodoroholidays.it\/de\/product\/la-cinta-quadrupla\/\" \/>\n<meta property=\"og:site_name\" content=\"San Teodoro Holidays\" \/>\n<meta property=\"article:modified_time\" content=\"2026-04-08T09:19:01+00:00\" \/>\n<meta property=\"og:image\" content=\"https:\/\/santeodoroholidays.it\/wp-content\/uploads\/2025\/07\/DSC09174-HDR-Modifica-Modifica-Modifica_3_11zon.jpg\" \/>\n\t<meta property=\"og:image:width\" content=\"1920\" \/>\n\t<meta property=\"og:image:height\" content=\"1280\" \/>\n\t<meta property=\"og:image:type\" content=\"image\/jpeg\" \/>\n<meta name=\"twitter:card\" content=\"summary_large_image\" \/>\n<meta name=\"twitter:label1\" content=\"Gesch\u00e4tzte Lesezeit\" \/>\n\t<meta name=\"twitter:data1\" content=\"1 minute\" \/>\n<script type=\"application\/ld+json\" class=\"yoast-schema-graph\">{\"@context\":\"https:\\\/\\\/schema.org\",\"@graph\":[{\"@type\":\"WebPage\",\"@id\":\"https:\\\/\\\/santeodoroholidays.it\\\/product\\\/la-cinta-quadrupla\\\/\",\"url\":\"https:\\\/\\\/santeodoroholidays.it\\\/product\\\/la-cinta-quadrupla\\\/\",\"name\":\"La Cinta - Quadrupla - San Teodoro Holidays\",\"isPartOf\":{\"@id\":\"https:\\\/\\\/santeodoroholidays.it\\\/#website\"},\"primaryImageOfPage\":{\"@id\":\"https:\\\/\\\/santeodoroholidays.it\\\/product\\\/la-cinta-quadrupla\\\/#primaryimage\"},\"image\":{\"@id\":\"https:\\\/\\\/santeodoroholidays.it\\\/product\\\/la-cinta-quadrupla\\\/#primaryimage\"},\"thumbnailUrl\":\"https:\\\/\\\/santeodoroholidays.it\\\/wp-content\\\/uploads\\\/2025\\\/07\\\/DSC09174-HDR-Modifica-Modifica-Modifica_3_11zon.jpg\",\"datePublished\":\"2026-04-07T18:27:58+00:00\",\"dateModified\":\"2026-04-08T09:19:01+00:00\",\"breadcrumb\":{\"@id\":\"https:\\\/\\\/santeodoroholidays.it\\\/product\\\/la-cinta-quadrupla\\\/#breadcrumb\"},\"inLanguage\":\"de-DE\",\"potentialAction\":[{\"@type\":\"ReadAction\",\"target\":[\"https:\\\/\\\/santeodoroholidays.it\\\/product\\\/la-cinta-quadrupla\\\/\"]}]},{\"@type\":\"ImageObject\",\"inLanguage\":\"de-DE\",\"@id\":\"https:\\\/\\\/santeodoroholidays.it\\\/product\\\/la-cinta-quadrupla\\\/#primaryimage\",\"url\":\"https:\\\/\\\/santeodoroholidays.it\\\/wp-content\\\/uploads\\\/2025\\\/07\\\/DSC09174-HDR-Modifica-Modifica-Modifica_3_11zon.jpg\",\"contentUrl\":\"https:\\\/\\\/santeodoroholidays.it\\\/wp-content\\\/uploads\\\/2025\\\/07\\\/DSC09174-HDR-Modifica-Modifica-Modifica_3_11zon.jpg\",\"width\":1920,\"height\":1280},{\"@type\":\"BreadcrumbList\",\"@id\":\"https:\\\/\\\/santeodoroholidays.it\\\/product\\\/la-cinta-quadrupla\\\/#breadcrumb\",\"itemListElement\":[{\"@type\":\"ListItem\",\"position\":1,\"name\":\"Home\",\"item\":\"https:\\\/\\\/santeodoroholidays.it\\\/\"},{\"@type\":\"ListItem\",\"position\":2,\"name\":\"Pagamenti\",\"item\":\"https:\\\/\\\/santeodoroholidays.it\\\/pagamento\\\/\"},{\"@type\":\"ListItem\",\"position\":3,\"name\":\"La Cinta &#8211; Quadrupla\"}]},{\"@type\":\"WebSite\",\"@id\":\"https:\\\/\\\/santeodoroholidays.it\\\/#website\",\"url\":\"https:\\\/\\\/santeodoroholidays.it\\\/\",\"name\":\"San Teodoro Holidays\",\"description\":\"Affittacamere a San Teodoro\",\"publisher\":{\"@id\":\"https:\\\/\\\/santeodoroholidays.it\\\/#organization\"},\"potentialAction\":[{\"@type\":\"SearchAction\",\"target\":{\"@type\":\"EntryPoint\",\"urlTemplate\":\"https:\\\/\\\/santeodoroholidays.it\\\/?s={search_term_string}\"},\"query-input\":{\"@type\":\"PropertyValueSpecification\",\"valueRequired\":true,\"valueName\":\"search_term_string\"}}],\"inLanguage\":\"de-DE\"},{\"@type\":\"Organization\",\"@id\":\"https:\\\/\\\/santeodoroholidays.it\\\/#organization\",\"name\":\"San Teodoro Holidays\",\"url\":\"https:\\\/\\\/santeodoroholidays.it\\\/\",\"logo\":{\"@type\":\"ImageObject\",\"inLanguage\":\"de-DE\",\"@id\":\"https:\\\/\\\/santeodoroholidays.it\\\/#\\\/schema\\\/logo\\\/image\\\/\",\"url\":\"https:\\\/\\\/santeodoroholidays.it\\\/wp-content\\\/uploads\\\/2021\\\/04\\\/logo-santeodoro.png\",\"contentUrl\":\"https:\\\/\\\/santeodoroholidays.it\\\/wp-content\\\/uploads\\\/2021\\\/04\\\/logo-santeodoro.png\",\"width\":789,\"height\":313,\"caption\":\"San Teodoro Holidays\"},\"image\":{\"@id\":\"https:\\\/\\\/santeodoroholidays.it\\\/#\\\/schema\\\/logo\\\/image\\\/\"}}]}<\/script>\n<!-- \/ Yoast SEO plugin. -->","yoast_head_json":{"title":"La Cinta - Quadrupla - San Teodoro Holidays","robots":{"index":"index","follow":"follow","max-snippet":"max-snippet:-1","max-image-preview":"max-image-preview:large","max-video-preview":"max-video-preview:-1"},"canonical":"https:\/\/santeodoroholidays.it\/de\/product\/la-cinta-quadrupla\/","og_locale":"de_DE","og_type":"article","og_title":"La Cinta - Quadrupla - San Teodoro Holidays","og_description":"Situato a San Teodoro,\u00a0La Cinta\u00a0Luxury Home apre le porte ai suoi clienti nel giugno 2025. Di nuovissima realizzazione, Marm\u00e8 \u00e8 dotato di tutti i comfort per garantire la massima ospitalit\u00e0. Tutte le camere da 24 a 28 metri quadri, finemente arredate, sono raggiunte da connessione Wi-fi, dotate di armadio, scrivania, frigo bar, cassaforte, TV a [&hellip;]","og_url":"https:\/\/santeodoroholidays.it\/de\/product\/la-cinta-quadrupla\/","og_site_name":"San Teodoro Holidays","article_modified_time":"2026-04-08T09:19:01+00:00","og_image":[{"width":1920,"height":1280,"url":"https:\/\/santeodoroholidays.it\/wp-content\/uploads\/2025\/07\/DSC09174-HDR-Modifica-Modifica-Modifica_3_11zon.jpg","type":"image\/jpeg"}],"twitter_card":"summary_large_image","twitter_misc":{"Gesch\u00e4tzte Lesezeit":"1 minute"},"schema":{"@context":"https:\/\/schema.org","@graph":[{"@type":"WebPage","@id":"https:\/\/santeodoroholidays.it\/product\/la-cinta-quadrupla\/","url":"https:\/\/santeodoroholidays.it\/product\/la-cinta-quadrupla\/","name":"La Cinta - Quadrupla - San Teodoro Holidays","isPartOf":{"@id":"https:\/\/santeodoroholidays.it\/#website"},"primaryImageOfPage":{"@id":"https:\/\/santeodoroholidays.it\/product\/la-cinta-quadrupla\/#primaryimage"},"image":{"@id":"https:\/\/santeodoroholidays.it\/product\/la-cinta-quadrupla\/#primaryimage"},"thumbnailUrl":"https:\/\/santeodoroholidays.it\/wp-content\/uploads\/2025\/07\/DSC09174-HDR-Modifica-Modifica-Modifica_3_11zon.jpg","datePublished":"2026-04-07T18:27:58+00:00","dateModified":"2026-04-08T09:19:01+00:00","breadcrumb":{"@id":"https:\/\/santeodoroholidays.it\/product\/la-cinta-quadrupla\/#breadcrumb"},"inLanguage":"de-DE","potentialAction":[{"@type":"ReadAction","target":["https:\/\/santeodoroholidays.it\/product\/la-cinta-quadrupla\/"]}]},{"@type":"ImageObject","inLanguage":"de-DE","@id":"https:\/\/santeodoroholidays.it\/product\/la-cinta-quadrupla\/#primaryimage","url":"https:\/\/santeodoroholidays.it\/wp-content\/uploads\/2025\/07\/DSC09174-HDR-Modifica-Modifica-Modifica_3_11zon.jpg","contentUrl":"https:\/\/santeodoroholidays.it\/wp-content\/uploads\/2025\/07\/DSC09174-HDR-Modifica-Modifica-Modifica_3_11zon.jpg","width":1920,"height":1280},{"@type":"BreadcrumbList","@id":"https:\/\/santeodoroholidays.it\/product\/la-cinta-quadrupla\/#breadcrumb","itemListElement":[{"@type":"ListItem","position":1,"name":"Home","item":"https:\/\/santeodoroholidays.it\/"},{"@type":"ListItem","position":2,"name":"Pagamenti","item":"https:\/\/santeodoroholidays.it\/pagamento\/"},{"@type":"ListItem","position":3,"name":"La Cinta &#8211; Quadrupla"}]},{"@type":"WebSite","@id":"https:\/\/santeodoroholidays.it\/#website","url":"https:\/\/santeodoroholidays.it\/","name":"San Teodoro Holidays","description":"Affittacamere a San Teodoro","publisher":{"@id":"https:\/\/santeodoroholidays.it\/#organization"},"potentialAction":[{"@type":"SearchAction","target":{"@type":"EntryPoint","urlTemplate":"https:\/\/santeodoroholidays.it\/?s={search_term_string}"},"query-input":{"@type":"PropertyValueSpecification","valueRequired":true,"valueName":"search_term_string"}}],"inLanguage":"de-DE"},{"@type":"Organization","@id":"https:\/\/santeodoroholidays.it\/#organization","name":"San Teodoro Holidays","url":"https:\/\/santeodoroholidays.it\/","logo":{"@type":"ImageObject","inLanguage":"de-DE","@id":"https:\/\/santeodoroholidays.it\/#\/schema\/logo\/image\/","url":"https:\/\/santeodoroholidays.it\/wp-content\/uploads\/2021\/04\/logo-santeodoro.png","contentUrl":"https:\/\/santeodoroholidays.it\/wp-content\/uploads\/2021\/04\/logo-santeodoro.png","width":789,"height":313,"caption":"San Teodoro Holidays"},"image":{"@id":"https:\/\/santeodoroholidays.it\/#\/schema\/logo\/image\/"}}]}},"_links":{"self":[{"href":"https:\/\/santeodoroholidays.it\/de\/wp-json\/wp\/v2\/product\/4995","targetHints":{"allow":["GET"]}}],"collection":[{"href":"https:\/\/santeodoroholidays.it\/de\/wp-json\/wp\/v2\/product"}],"about":[{"href":"https:\/\/santeodoroholidays.it\/de\/wp-json\/wp\/v2\/types\/product"}],"replies":[{"embeddable":true,"href":"https:\/\/santeodoroholidays.it\/de\/wp-json\/wp\/v2\/comments?post=4995"}],"wp:featuredmedia":[{"embeddable":true,"href":"https:\/\/santeodoroholidays.it\/de\/wp-json\/wp\/v2\/media\/4850"}],"wp:attachment":[{"href":"https:\/\/santeodoroholidays.it\/de\/wp-json\/wp\/v2\/media?parent=4995"}],"wp:term":[{"taxonomy":"product_brand","embeddable":true,"href":"https:\/\/santeodoroholidays.it\/de\/wp-json\/wp\/v2\/product_brand?post=4995"},{"taxonomy":"product_cat","embeddable":true,"href":"https:\/\/santeodoroholidays.it\/de\/wp-json\/wp\/v2\/product_cat?post=4995"},{"taxonomy":"product_tag","embeddable":true,"href":"https:\/\/santeodoroholidays.it\/de\/wp-json\/wp\/v2\/product_tag?post=4995"}],"curies":[{"name":"wp","href":"https:\/\/api.w.org\/{rel}","templated":true}]}}