{"id":3,"date":"2019-10-18T10:57:53","date_gmt":"2019-10-18T10:57:53","guid":{"rendered":"https:\/\/marmesanteodoro.it\/?page_id=3"},"modified":"2025-03-04T17:20:59","modified_gmt":"2025-03-04T17:20:59","slug":"privacy-policy","status":"publish","type":"page","link":"https:\/\/santeodoroholidays.it\/fr\/privacy-policy\/","title":{"rendered":"Politique de confidentialit\u00e9"},"content":{"rendered":"<p>POLITIQUE DE CONFIDENTIALIT\u00c9 ET POLITIQUE DE COOKIES<br \/>\nLa pr\u00e9sente politique d\u00e9crit les proc\u00e9dures suivies par<\/p>\n<p>BLU HOLIDAYS S.R.L.S (ci-apr\u00e8s le \u00ab Responsable \u00bb) en ce qui concerne le traitement des donn\u00e9es personnelles collect\u00e9es via le site https:\/\/santeodoroholidays.it (ci-apr\u00e8s le \u00ab Site \u00bb).<\/p>\n<p>Sauf indication contraire, la pr\u00e9sente politique vaut \u00e9galement comme information \u2013 conform\u00e9ment \u00e0 l\u2019art. 13 du d\u00e9cret l\u00e9gislatif n\u00b0 196\/2003 (ci-apr\u00e8s le \u00ab Code \u00bb) et \u00e0 l\u2019art. 13 du R\u00e8glement (UE) n\u00b0 2016\/679 (ci-apr\u00e8s le \u00ab RGPD \u00bb) \u2013 fournie aux personnes qui interagissent avec le Site (ci-apr\u00e8s l\u2019\u00ab Utilisateur \u00bb).<br \/>\nDes informations d\u00e9taill\u00e9es sur le traitement des donn\u00e9es personnelles sont fournies, si n\u00e9cessaire, dans les pages relatives aux services individuels offerts via le Site. Ces informations visent \u00e0 d\u00e9finir les limites et modalit\u00e9s du traitement des donn\u00e9es personnelles de chaque service, sur la base desquelles l\u2019utilisateur pourra librement exprimer son consentement, si n\u00e9cessaire, et \u00e9ventuellement autoriser la collecte des donn\u00e9es et leur traitement ult\u00e9rieur.<br \/>\nResponsable du traitement. Responsables du traitement.<br \/>\nLe Responsable du traitement est BLU HOLIDAYS S.R.L.S, dont le si\u00e8ge social est situ\u00e9 VIA NAZIONALE, 28 07052 \u2013 SAN TEODORO (SS), t\u00e9l. <span class=\"elementor-icon-list-text\">+39 331 625 0968<\/span>et e-mail info@santeodoroholidays.it. La liste mise \u00e0 jour des \u00e9ventuels responsables du traitement est disponible au si\u00e8ge du Responsable.<\/p>\n<p>D\u00e9l\u00e9gu\u00e9 \u00e0 la protection des donn\u00e9es.<br \/>\nLe d\u00e9l\u00e9gu\u00e9 \u00e0 la protection des donn\u00e9es, d\u00e9sign\u00e9 par le Responsable, peut \u00eatre contact\u00e9 via :<br \/>\n\u2013 courrier postal, \u00e0 l\u2019adresse [adresse postale, \u00e0 l\u2019attention du D\u00e9l\u00e9gu\u00e9 \u00e0 la Protection des Donn\u00e9es];<br \/>\n\u2013 t\u00e9l\u00e9phone, au num\u00e9ro <span class=\"elementor-icon-list-text\">+39 331 625 0968<\/span>;<br \/>\n\u2013 e-mail, \u00e0 l\u2019adresse info@santeodoroholidays.it<\/p>\n<p>Types de donn\u00e9es trait\u00e9es.<br \/>\nVia le Site, les donn\u00e9es suivantes peuvent \u00eatre collect\u00e9es et trait\u00e9es :<br \/>\n\u2013 donn\u00e9es de navigation ;<br \/>\n\u2013 donn\u00e9es personnelles fournies volontairement par l\u2019utilisateur dans les formulaires pr\u00e9sents sur le Site.<\/p>\n<p>Cookies.<br \/>\nLes cookies sont de petits fichiers texte que les sites visit\u00e9s envoient au terminal de l\u2019utilisateur, o\u00f9 ils sont stock\u00e9s, puis retransmis aux m\u00eames sites lors de la visite suivante.<br \/>\nLe Site utilise des cookies techniques, \u00e0 la fois propres et de tiers. Ces cookies, \u00e9tant de nature technique, ne n\u00e9cessitent pas le consentement pr\u00e9alable de l\u2019Utilisateur pour \u00eatre install\u00e9s et utilis\u00e9s.<br \/>\nEn particulier, les cookies utilis\u00e9s sur le Site appartiennent aux sous-cat\u00e9gories suivantes :<br \/>\n\u2013 cookies de navigation ou de session, qui garantissent la navigation normale et l\u2019utilisation des sites Web. Ne restant pas stock\u00e9s sur l\u2019ordinateur de l\u2019utilisateur, ils disparaissent \u00e0 la fermeture du navigateur ;<br \/>\n\u2013 cookies analytiques, avec lesquels sont collect\u00e9es et analys\u00e9es des informations statistiques sur le nombre d\u2019utilisateurs et les visites aux sites Web ;<br \/>\n\u2013 widgets sociaux et plugins : certains widgets et plugins mis \u00e0 disposition par les r\u00e9seaux sociaux peuvent utiliser leurs propres cookies pour faciliter l\u2019interaction avec le site de r\u00e9f\u00e9rence.<\/p>\n<p>Ci-dessous sont list\u00e9s les cookies de tiers install\u00e9s sur le Site. Pour chacun d\u2019eux, un lien vers la politique relative au traitement des donn\u00e9es personnelles effectu\u00e9 et aux modalit\u00e9s de d\u00e9sactivation \u00e9ventuelle des cookies utilis\u00e9s est indiqu\u00e9. En ce qui concerne les cookies de tiers, le Responsable a uniquement l\u2019obligation d\u2019ins\u00e9rer dans la pr\u00e9sente politique le lien vers le site du tiers. Il incombe \u00e0 ce dernier, en revanche, l\u2019obligation d\u2019information et d\u2019indication des modalit\u00e9s pour le consentement \u00e9ventuel et\/ou la d\u00e9sactivation des cookies.<br \/>\n\u2013 Google Analytics :<br \/>\nInformations disponibles sur https:\/\/www.google.com\/intl\/fr_ALL\/analytics\/learn\/privacy.html<br \/>\nOption de d\u00e9sactivation disponible sur<br \/>\nhttps:\/\/tools.google.com\/dlpage\/gaoptout\/<\/p>\n<p>Les cookies peuvent \u00eatre d\u00e9sactiv\u00e9s par l'utilisateur en modifiant les param\u00e8tres du navigateur selon les<br \/>\ninstructions fournies par les fournisseurs respectifs aux liens ci-dessous.<br \/>\n\u2013 Internet Explorer : http:\/\/windows.microsoft.com\/fr-FR\/internet-explorer\/delete-manage-cookies#ie=ie-11<br \/>\n\u2013 Mozilla Firefox: https:\/\/support.mozilla.org\/it\/kb\/Attivare%20e%20disattivare%20i%20cookie<br \/>\n\u2013 Google Chrome : https:\/\/support.google.com\/chrome\/answer\/95647-hl=fr<br \/>\n\u2013 Apple Safari : https:\/\/support.apple.com\/fr-fr\/HT201265<br \/>\n\u2013 Opera : http:\/\/www.opera.com\/help\/tutorials\/security\/cookies\/<\/p>\n<p>Finalit\u00e9 et base juridique du traitement.<br \/>\nLes donn\u00e9es personnelles collect\u00e9es via le Site seront trait\u00e9es pour la gestion des demandes d'informations ou de documents soumises par l'Utilisateur.<br \/>\nLe traitement des donn\u00e9es personnelles pour la finalit\u00e9 mentionn\u00e9e ci-dessus ne n\u00e9cessite pas le consentement de l'Utilisateur car il est n\u00e9cessaire pour r\u00e9pondre \u00e0 des demandes sp\u00e9cifiques de la personne concern\u00e9e conform\u00e9ment \u00e0 l'art. 24, c. 1, lett.<br \/>\nb) du Code et \u00e0 l'art. 6, c. 1, lett. b) du RGPD.<br \/>\nFourniture des donn\u00e9es et cons\u00e9quences en cas de non-fourniture.<br \/>\nLa fourniture des donn\u00e9es personnelles pour la finalit\u00e9 mentionn\u00e9e ci-dessus est facultative et leur non-fourniture entra\u00eenera, comme seule cons\u00e9quence, l'impossibilit\u00e9 pour le Responsable de traiter et de satisfaire les demandes de la personne concern\u00e9e.<\/p>\n<p>Modalit\u00e9s du traitement. Les donn\u00e9es personnelles seront trait\u00e9es \u00e0 l'aide d'outils \u00e9lectroniques, y compris par saisie et organisation dans des bases de donn\u00e9es, conform\u00e9ment aux dispositions du Code et du RGPD en mati\u00e8re de mesures de s\u00e9curit\u00e9.<br \/>\nDestinataires ou cat\u00e9gories de destinataires.<br \/>\nLes donn\u00e9es personnelles pourront \u00eatre rendues accessibles, port\u00e9es \u00e0 la connaissance ou communiqu\u00e9es aux sujets suivants, qui seront d\u00e9sign\u00e9s, selon les cas, comme responsables ou sous-traitants :<br \/>\n\u2013 soci\u00e9t\u00e9s du groupe auquel appartient le Responsable (contr\u00f4lantes, contr\u00f4l\u00e9es, associ\u00e9es), employ\u00e9s et\/ou collaborateurs de toute nature du Responsable ;<br \/>\n\u2013 sujets publics ou priv\u00e9s, personnes physiques ou morales, dont le Responsable se sert pour l'ex\u00e9cution des activit\u00e9s instrumentales \u00e0 la r\u00e9alisation de la finalit\u00e9 susmentionn\u00e9e ou auxquels le Responsable est tenu de communiquer les donn\u00e9es personnelles en vertu d'obligations l\u00e9gales ou contractuelles.<br \/>\nEn tout \u00e9tat de cause, les donn\u00e9es personnelles ne seront pas diffus\u00e9es.<\/p>\n<p>Dur\u00e9e de conservation.<br \/>\nLes donn\u00e9es personnelles seront conserv\u00e9es pendant 1 an \u00e0 compter de leur enregistrement.<br \/>\nDroits d'acc\u00e8s, de suppression, de limitation et de portabilit\u00e9.<br \/>\nLes personnes concern\u00e9es b\u00e9n\u00e9ficient des droits pr\u00e9vus aux articles 7 du Code et de 15 \u00e0 20 du RGPD. \u00c0 titre d'exemple, chaque personne concern\u00e9e peut :<br \/>\na) obtenir la confirmation qu'un traitement de donn\u00e9es personnelles la concernant est en cours ou non ;<br \/>\nb) si un traitement est en cours, obtenir l'acc\u00e8s aux donn\u00e9es personnelles et aux informations relatives au traitement ainsi que demander une copie des donn\u00e9es personnelles ;<br \/>\nc) obtenir la rectification des donn\u00e9es personnelles inexactes et l'int\u00e9gration des donn\u00e9es personnelles incompl\u00e8tes ;<br \/>\nd) obtenir, si l'une des conditions pr\u00e9vues \u00e0 l'article 17 du RGPD est remplie, la suppression des donn\u00e9es personnelles la concernant ;<br \/>\ne) obtenir, dans les cas pr\u00e9vus \u00e0 l'article 18 du RGPD, la limitation du traitement ;<br \/>\nf) recevoir les donn\u00e9es personnelles la concernant dans un format structur\u00e9, couramment utilis\u00e9 et lisible par un dispositif automatique et demander leur transmission \u00e0 un autre responsable, si techniquement faisable.<\/p>\n<p>Droit d'opposition.<br \/>\nChaque personne concern\u00e9e a le droit de s'opposer \u00e0 tout moment au traitement de ses donn\u00e9es personnelles effectu\u00e9 pour la poursuite d'un int\u00e9r\u00eat l\u00e9gitime du Responsable. En cas d'opposition, ses donn\u00e9es personnelles ne feront plus l'objet d'un traitement, sauf s'il existe des motifs l\u00e9gitimes imp\u00e9rieux pour proc\u00e9der au traitement qui pr\u00e9valent sur les int\u00e9r\u00eats, droits et libert\u00e9s de la personne concern\u00e9e ou pour la constatation, l'exercice ou la d\u00e9fense d'un droit en justice.<\/p>\n<p>Droit de d\u00e9poser une plainte aupr\u00e8s du Garante.<br \/>\nEn outre, chaque personne concern\u00e9e peut d\u00e9poser une plainte aupr\u00e8s du Garante pour la Protection des Donn\u00e9es Personnelles si elle estime que ses droits, tels que pr\u00e9vus par le Code et le RGPD, ont \u00e9t\u00e9 viol\u00e9s, selon les modalit\u00e9s<br \/>\nindiqu\u00e9es sur le site internet du Garante accessible \u00e0 l'adresse : www.garanteprivacy.it.<br \/>\nMises \u00e0 jour. La pr\u00e9sente politique de confidentialit\u00e9 sera sujette \u00e0 des mises \u00e0 jour. Le Responsable invite donc les Utilisateurs souhaitant conna\u00eetre les modalit\u00e9s de traitement des donn\u00e9es personnelles collect\u00e9es via les Sites Web \u00e0 visiter r\u00e9guli\u00e8rement cette page.<\/p>","protected":false},"excerpt":{"rendered":"<p>PRIVACY POLICY E COOKIE POLICY La presente policy descrive le procedure seguite da BLU HOLIDAYS S.R.L.S (di seguito il \u201cTitolare\u201d) in relazione al trattamento dei dati personali raccolti attraverso il sito https:\/\/santeodoroholidays.it (di seguito il \u201cSito\u201d). Laddove non diversamente specificato, la presente policy vale anche quale informativa \u2013 ai sensi dell\u2019art. 13 del d.lgs. n. [&hellip;]<\/p>","protected":false},"author":7,"featured_media":0,"parent":0,"menu_order":0,"comment_status":"closed","ping_status":"closed","template":"","meta":{"_acf_changed":false,"footnotes":""},"class_list":["post-3","page","type-page","status-publish","hentry"],"acf":[],"yoast_head":"<!-- This site is optimized with the Yoast SEO plugin v27.3 - https:\/\/yoast.com\/product\/yoast-seo-wordpress\/ -->\n<title>Privacy Policy - San Teodoro Holidays<\/title>\n<meta name=\"robots\" content=\"index, follow, max-snippet:-1, max-image-preview:large, max-video-preview:-1\" \/>\n<link rel=\"canonical\" href=\"https:\/\/santeodoroholidays.it\/fr\/privacy-policy\/\" \/>\n<meta property=\"og:locale\" content=\"fr_FR\" \/>\n<meta property=\"og:type\" content=\"article\" \/>\n<meta property=\"og:title\" content=\"Privacy Policy - San Teodoro Holidays\" \/>\n<meta property=\"og:description\" content=\"PRIVACY POLICY E COOKIE POLICY La presente policy descrive le procedure seguite da BLU HOLIDAYS S.R.L.S (di seguito il \u201cTitolare\u201d) in relazione al trattamento dei dati personali raccolti attraverso il sito https:\/\/santeodoroholidays.it (di seguito il \u201cSito\u201d). Laddove non diversamente specificato, la presente policy vale anche quale informativa \u2013 ai sensi dell\u2019art. 13 del d.lgs. n. [&hellip;]\" \/>\n<meta property=\"og:url\" content=\"https:\/\/santeodoroholidays.it\/fr\/privacy-policy\/\" \/>\n<meta property=\"og:site_name\" content=\"San Teodoro Holidays\" \/>\n<meta property=\"article:modified_time\" content=\"2025-03-04T17:20:59+00:00\" \/>\n<meta name=\"twitter:card\" content=\"summary_large_image\" \/>\n<meta name=\"twitter:label1\" content=\"Dur\u00e9e de lecture estim\u00e9e\" \/>\n\t<meta name=\"twitter:data1\" content=\"6 minutes\" \/>\n<script type=\"application\/ld+json\" class=\"yoast-schema-graph\">{\"@context\":\"https:\\\/\\\/schema.org\",\"@graph\":[{\"@type\":\"WebPage\",\"@id\":\"https:\\\/\\\/santeodoroholidays.it\\\/privacy-policy\\\/\",\"url\":\"https:\\\/\\\/santeodoroholidays.it\\\/privacy-policy\\\/\",\"name\":\"Privacy Policy - San Teodoro Holidays\",\"isPartOf\":{\"@id\":\"https:\\\/\\\/santeodoroholidays.it\\\/#website\"},\"datePublished\":\"2019-10-18T10:57:53+00:00\",\"dateModified\":\"2025-03-04T17:20:59+00:00\",\"breadcrumb\":{\"@id\":\"https:\\\/\\\/santeodoroholidays.it\\\/privacy-policy\\\/#breadcrumb\"},\"inLanguage\":\"fr-FR\",\"potentialAction\":[{\"@type\":\"ReadAction\",\"target\":[\"https:\\\/\\\/santeodoroholidays.it\\\/privacy-policy\\\/\"]}]},{\"@type\":\"BreadcrumbList\",\"@id\":\"https:\\\/\\\/santeodoroholidays.it\\\/privacy-policy\\\/#breadcrumb\",\"itemListElement\":[{\"@type\":\"ListItem\",\"position\":1,\"name\":\"Home\",\"item\":\"https:\\\/\\\/santeodoroholidays.it\\\/\"},{\"@type\":\"ListItem\",\"position\":2,\"name\":\"Privacy Policy\"}]},{\"@type\":\"WebSite\",\"@id\":\"https:\\\/\\\/santeodoroholidays.it\\\/#website\",\"url\":\"https:\\\/\\\/santeodoroholidays.it\\\/\",\"name\":\"San Teodoro Holidays\",\"description\":\"Affittacamere a San Teodoro\",\"publisher\":{\"@id\":\"https:\\\/\\\/santeodoroholidays.it\\\/#organization\"},\"potentialAction\":[{\"@type\":\"SearchAction\",\"target\":{\"@type\":\"EntryPoint\",\"urlTemplate\":\"https:\\\/\\\/santeodoroholidays.it\\\/?s={search_term_string}\"},\"query-input\":{\"@type\":\"PropertyValueSpecification\",\"valueRequired\":true,\"valueName\":\"search_term_string\"}}],\"inLanguage\":\"fr-FR\"},{\"@type\":\"Organization\",\"@id\":\"https:\\\/\\\/santeodoroholidays.it\\\/#organization\",\"name\":\"San Teodoro Holidays\",\"url\":\"https:\\\/\\\/santeodoroholidays.it\\\/\",\"logo\":{\"@type\":\"ImageObject\",\"inLanguage\":\"fr-FR\",\"@id\":\"https:\\\/\\\/santeodoroholidays.it\\\/#\\\/schema\\\/logo\\\/image\\\/\",\"url\":\"https:\\\/\\\/santeodoroholidays.it\\\/wp-content\\\/uploads\\\/2021\\\/04\\\/logo-santeodoro.png\",\"contentUrl\":\"https:\\\/\\\/santeodoroholidays.it\\\/wp-content\\\/uploads\\\/2021\\\/04\\\/logo-santeodoro.png\",\"width\":789,\"height\":313,\"caption\":\"San Teodoro Holidays\"},\"image\":{\"@id\":\"https:\\\/\\\/santeodoroholidays.it\\\/#\\\/schema\\\/logo\\\/image\\\/\"}}]}<\/script>\n<!-- \/ Yoast SEO plugin. -->","yoast_head_json":{"title":"Privacy Policy - San Teodoro Holidays","robots":{"index":"index","follow":"follow","max-snippet":"max-snippet:-1","max-image-preview":"max-image-preview:large","max-video-preview":"max-video-preview:-1"},"canonical":"https:\/\/santeodoroholidays.it\/fr\/privacy-policy\/","og_locale":"fr_FR","og_type":"article","og_title":"Privacy Policy - San Teodoro Holidays","og_description":"PRIVACY POLICY E COOKIE POLICY La presente policy descrive le procedure seguite da BLU HOLIDAYS S.R.L.S (di seguito il \u201cTitolare\u201d) in relazione al trattamento dei dati personali raccolti attraverso il sito https:\/\/santeodoroholidays.it (di seguito il \u201cSito\u201d). Laddove non diversamente specificato, la presente policy vale anche quale informativa \u2013 ai sensi dell\u2019art. 13 del d.lgs. n. [&hellip;]","og_url":"https:\/\/santeodoroholidays.it\/fr\/privacy-policy\/","og_site_name":"San Teodoro Holidays","article_modified_time":"2025-03-04T17:20:59+00:00","twitter_card":"summary_large_image","twitter_misc":{"Dur\u00e9e de lecture estim\u00e9e":"6 minutes"},"schema":{"@context":"https:\/\/schema.org","@graph":[{"@type":"WebPage","@id":"https:\/\/santeodoroholidays.it\/privacy-policy\/","url":"https:\/\/santeodoroholidays.it\/privacy-policy\/","name":"Privacy Policy - San Teodoro Holidays","isPartOf":{"@id":"https:\/\/santeodoroholidays.it\/#website"},"datePublished":"2019-10-18T10:57:53+00:00","dateModified":"2025-03-04T17:20:59+00:00","breadcrumb":{"@id":"https:\/\/santeodoroholidays.it\/privacy-policy\/#breadcrumb"},"inLanguage":"fr-FR","potentialAction":[{"@type":"ReadAction","target":["https:\/\/santeodoroholidays.it\/privacy-policy\/"]}]},{"@type":"BreadcrumbList","@id":"https:\/\/santeodoroholidays.it\/privacy-policy\/#breadcrumb","itemListElement":[{"@type":"ListItem","position":1,"name":"Home","item":"https:\/\/santeodoroholidays.it\/"},{"@type":"ListItem","position":2,"name":"Privacy Policy"}]},{"@type":"WebSite","@id":"https:\/\/santeodoroholidays.it\/#website","url":"https:\/\/santeodoroholidays.it\/","name":"San Teodoro Holidays","description":"Affittacamere a San Teodoro","publisher":{"@id":"https:\/\/santeodoroholidays.it\/#organization"},"potentialAction":[{"@type":"SearchAction","target":{"@type":"EntryPoint","urlTemplate":"https:\/\/santeodoroholidays.it\/?s={search_term_string}"},"query-input":{"@type":"PropertyValueSpecification","valueRequired":true,"valueName":"search_term_string"}}],"inLanguage":"fr-FR"},{"@type":"Organization","@id":"https:\/\/santeodoroholidays.it\/#organization","name":"San Teodoro Holidays","url":"https:\/\/santeodoroholidays.it\/","logo":{"@type":"ImageObject","inLanguage":"fr-FR","@id":"https:\/\/santeodoroholidays.it\/#\/schema\/logo\/image\/","url":"https:\/\/santeodoroholidays.it\/wp-content\/uploads\/2021\/04\/logo-santeodoro.png","contentUrl":"https:\/\/santeodoroholidays.it\/wp-content\/uploads\/2021\/04\/logo-santeodoro.png","width":789,"height":313,"caption":"San Teodoro Holidays"},"image":{"@id":"https:\/\/santeodoroholidays.it\/#\/schema\/logo\/image\/"}}]}},"_links":{"self":[{"href":"https:\/\/santeodoroholidays.it\/fr\/wp-json\/wp\/v2\/pages\/3","targetHints":{"allow":["GET"]}}],"collection":[{"href":"https:\/\/santeodoroholidays.it\/fr\/wp-json\/wp\/v2\/pages"}],"about":[{"href":"https:\/\/santeodoroholidays.it\/fr\/wp-json\/wp\/v2\/types\/page"}],"author":[{"embeddable":true,"href":"https:\/\/santeodoroholidays.it\/fr\/wp-json\/wp\/v2\/users\/7"}],"replies":[{"embeddable":true,"href":"https:\/\/santeodoroholidays.it\/fr\/wp-json\/wp\/v2\/comments?post=3"}],"version-history":[{"count":2,"href":"https:\/\/santeodoroholidays.it\/fr\/wp-json\/wp\/v2\/pages\/3\/revisions"}],"predecessor-version":[{"id":4678,"href":"https:\/\/santeodoroholidays.it\/fr\/wp-json\/wp\/v2\/pages\/3\/revisions\/4678"}],"wp:attachment":[{"href":"https:\/\/santeodoroholidays.it\/fr\/wp-json\/wp\/v2\/media?parent=3"}],"curies":[{"name":"wp","href":"https:\/\/api.w.org\/{rel}","templated":true}]}}