{"id":4138,"date":"2023-06-02T10:57:55","date_gmt":"2023-06-02T10:57:55","guid":{"rendered":"https:\/\/santeodoroholidays.it\/?page_id=4138"},"modified":"2023-06-02T11:07:10","modified_gmt":"2023-06-02T11:07:10","slug":"cookie-policy","status":"publish","type":"page","link":"https:\/\/santeodoroholidays.it\/fr\/cookie-policy\/","title":{"rendered":"Politique sur les cookies"},"content":{"rendered":"<style><span data-mce-type=\"bookmark\" style=\"display: inline-block; width: 0px; overflow: hidden; line-height: 0;\" class=\"mce_SELRES_start\">\ufeff<\/span><br \/>\n    a.cky-banner-element {<br \/>        padding: 8px 30px;<br \/>        background: #F8F9FA;<br \/>        color: #858A8F;<br \/>        border: 1px solid #DEE2E6;<br \/>        box-sizing: border-box;<br \/>        border-radius: 2px;<br \/>        cursor: pointer;<br \/>}<br \/><\/style>\n<h3>Que sont les cookies ?<\/h3>\n<p>Cette politique sur les cookies explique ce que sont les cookies et comment nous les utilisons, les types de cookies que nous utilisons, c\u2019est-\u00e0-dire les informations que nous recueillons \u00e0 l\u2019aide des cookies et comment ces informations sont utilis\u00e9es ainsi que comment g\u00e9rer les param\u00e8tres des cookies.<\/p>\n<p>Les cookies sont de petits fichiers texte utilis\u00e9s pour stocker de petites informations. Ils sont stock\u00e9s sur votre appareil lorsque le site web est charg\u00e9 dans votre navigateur. Ces cookies nous aident \u00e0 faire fonctionner correctement le site Web, \u00e0 le rendre plus s\u00fbr, \u00e0 offrir une meilleure exp\u00e9rience utilisateur et \u00e0 comprendre comment le site Web fonctionne, ainsi qu\u2019\u00e0 analyser ce qui fonctionne et ce qui doit \u00eatre am\u00e9lior\u00e9.<\/p>\n<h3>Comment utilisons-nous les cookies ?<\/h3>\n<p>Comme la plupart des services en ligne, notre site utilise des cookies propri\u00e9taires et tiers \u00e0 diverses fins. Les cookies propri\u00e9taires sont principalement n\u00e9cessaires au bon fonctionnement du site Web et ne collectent aucune donn\u00e9e d\u2019identification personnelle.<\/p>\n<p>Les cookies tiers utilis\u00e9s sur notre site Web servent principalement \u00e0 comprendre comment le site Web fonctionne, comment vous interagissez avec notre site Web, \u00e0 maintenir nos services s\u00e9curis\u00e9s, \u00e0 fournir des publicit\u00e9s pertinentes pour vous et, dans l\u2019ensemble, \u00e0 vous offrir une meilleure exp\u00e9rience utilisateur et \u00e0 acc\u00e9l\u00e9rer vos futures interactions avec notre site web.<\/p>\n<h5>Types de cookies que nous utilisons<\/h5>\n<p>&nbsp;<\/p>\n<h5 style=\"margin-bottom: 20px;\">G\u00e9rer les pr\u00e9f\u00e9rences des cookies<\/h5>\n<h3><code><a role='button' tabindex='0' class=\"cli_settings_button\">Param\u00e8tres des cookies<\/a><\/code><\/h3>\n<div>\n<p>Vous pouvez modifier vos pr\u00e9f\u00e9rences en mati\u00e8re de cookies \u00e0 tout moment en cliquant sur le bouton ci-dessus. Cela vous permettra de revisiter la banni\u00e8re de consentement aux cookies et de modifier vos pr\u00e9f\u00e9rences ou de r\u00e9voquer imm\u00e9diatement votre consentement.<\/p>\n<p>En plus de cela, diff\u00e9rents navigateurs proposent diff\u00e9rentes m\u00e9thodes pour bloquer et supprimer les cookies utilis\u00e9s par les sites web. Vous pouvez modifier les param\u00e8tres de votre navigateur pour bloquer\/supprimer les cookies. Vous trouverez ci-dessous les liens vers les documents d\u2019aide sur la gestion et la suppression des cookies dans les principaux navigateurs web.<\/p>\n<p>Chrome : <a href=\"https:\/\/support.google.com\/accounts\/answer\/32050\" target=\"_blank\" rel=\"noopener\">https:\/\/support.google.com\/accounts\/answer\/32050<\/a><\/p>\n<p>Safari : <a href=\"https:\/\/support.apple.com\/en-in\/guide\/safari\/sfri11471\/mac\" target=\"_blank\" rel=\"noopener\">https:\/\/support.apple.com\/en-in\/guide\/safari\/sfri11471\/mac<\/a><\/p>\n<p>Firefox : <a href=\"https:\/\/support.mozilla.org\/en-US\/kb\/clear-cookies-and-site-data-firefox?redirectslug=delete-cookies-remove-info-websites-stored&amp;redirectlocale=en-US\" target=\"_blank\" rel=\"noopener\">https:\/\/support.mozilla.org\/en-US\/kb\/clear-cookies-and-site-data-firefox?redirectslug=delete-cookies-remove-info-websites-stored&amp;redirectlocale=en-US<\/a><\/p>\n<p>Internet Explorer : <a href=\"https:\/\/support.microsoft.com\/en-us\/topic\/how-to-delete-cookie-files-in-internet-explorer-bca9446f-d873-78de-77ba-d42645fa52fc\" target=\"_blank\" rel=\"noopener\">https:\/\/support.microsoft.com\/en-us\/topic\/how-to-delete-cookie-files-in-internet-explorer-bca9446f-d873-78de-77ba-d42645fa52fc<\/a><\/p>\n<p>Si vous utilisez un autre navigateur web, veuillez consulter les documents d\u2019aide officiels de votre navigateur.<\/p>\n<\/div>","protected":false},"excerpt":{"rendered":"<p>Cosa sono i cookie? Questa politica sui cookie spiega cosa sono i cookie e come li utilizziamo, i tipi di cookie che utilizziamo, ovvero le informazioni che raccogliamo utilizzando i cookie e come tali informazioni vengono utilizzate e come gestire le impostazioni dei cookie. I cookie sono piccoli file di testo che vengono utilizzati per [&hellip;]<\/p>","protected":false},"author":7,"featured_media":0,"parent":0,"menu_order":0,"comment_status":"closed","ping_status":"closed","template":"","meta":{"_acf_changed":false,"footnotes":""},"class_list":["post-4138","page","type-page","status-publish","hentry"],"acf":[],"yoast_head":"<!-- This site is optimized with the Yoast SEO plugin v27.3 - https:\/\/yoast.com\/product\/yoast-seo-wordpress\/ -->\n<title>Cookie Policy - San Teodoro Holidays<\/title>\n<meta name=\"robots\" content=\"index, follow, max-snippet:-1, max-image-preview:large, max-video-preview:-1\" \/>\n<link rel=\"canonical\" href=\"https:\/\/santeodoroholidays.it\/fr\/cookie-policy\/\" \/>\n<meta property=\"og:locale\" content=\"fr_FR\" \/>\n<meta property=\"og:type\" content=\"article\" \/>\n<meta property=\"og:title\" content=\"Cookie Policy - San Teodoro Holidays\" \/>\n<meta property=\"og:description\" content=\"Cosa sono i cookie? Questa politica sui cookie spiega cosa sono i cookie e come li utilizziamo, i tipi di cookie che utilizziamo, ovvero le informazioni che raccogliamo utilizzando i cookie e come tali informazioni vengono utilizzate e come gestire le impostazioni dei cookie. I cookie sono piccoli file di testo che vengono utilizzati per [&hellip;]\" \/>\n<meta property=\"og:url\" content=\"https:\/\/santeodoroholidays.it\/fr\/cookie-policy\/\" \/>\n<meta property=\"og:site_name\" content=\"San Teodoro Holidays\" \/>\n<meta property=\"article:modified_time\" content=\"2023-06-02T11:07:10+00:00\" \/>\n<meta name=\"twitter:card\" content=\"summary_large_image\" \/>\n<meta name=\"twitter:label1\" content=\"Dur\u00e9e de lecture estim\u00e9e\" \/>\n\t<meta name=\"twitter:data1\" content=\"2 minutes\" \/>\n<script type=\"application\/ld+json\" class=\"yoast-schema-graph\">{\"@context\":\"https:\\\/\\\/schema.org\",\"@graph\":[{\"@type\":\"WebPage\",\"@id\":\"https:\\\/\\\/santeodoroholidays.it\\\/cookie-policy\\\/\",\"url\":\"https:\\\/\\\/santeodoroholidays.it\\\/cookie-policy\\\/\",\"name\":\"Cookie Policy - San Teodoro Holidays\",\"isPartOf\":{\"@id\":\"https:\\\/\\\/santeodoroholidays.it\\\/#website\"},\"datePublished\":\"2023-06-02T10:57:55+00:00\",\"dateModified\":\"2023-06-02T11:07:10+00:00\",\"breadcrumb\":{\"@id\":\"https:\\\/\\\/santeodoroholidays.it\\\/cookie-policy\\\/#breadcrumb\"},\"inLanguage\":\"fr-FR\",\"potentialAction\":[{\"@type\":\"ReadAction\",\"target\":[\"https:\\\/\\\/santeodoroholidays.it\\\/cookie-policy\\\/\"]}]},{\"@type\":\"BreadcrumbList\",\"@id\":\"https:\\\/\\\/santeodoroholidays.it\\\/cookie-policy\\\/#breadcrumb\",\"itemListElement\":[{\"@type\":\"ListItem\",\"position\":1,\"name\":\"Home\",\"item\":\"https:\\\/\\\/santeodoroholidays.it\\\/\"},{\"@type\":\"ListItem\",\"position\":2,\"name\":\"Cookie Policy\"}]},{\"@type\":\"WebSite\",\"@id\":\"https:\\\/\\\/santeodoroholidays.it\\\/#website\",\"url\":\"https:\\\/\\\/santeodoroholidays.it\\\/\",\"name\":\"San Teodoro Holidays\",\"description\":\"Affittacamere a San Teodoro\",\"publisher\":{\"@id\":\"https:\\\/\\\/santeodoroholidays.it\\\/#organization\"},\"potentialAction\":[{\"@type\":\"SearchAction\",\"target\":{\"@type\":\"EntryPoint\",\"urlTemplate\":\"https:\\\/\\\/santeodoroholidays.it\\\/?s={search_term_string}\"},\"query-input\":{\"@type\":\"PropertyValueSpecification\",\"valueRequired\":true,\"valueName\":\"search_term_string\"}}],\"inLanguage\":\"fr-FR\"},{\"@type\":\"Organization\",\"@id\":\"https:\\\/\\\/santeodoroholidays.it\\\/#organization\",\"name\":\"San Teodoro Holidays\",\"url\":\"https:\\\/\\\/santeodoroholidays.it\\\/\",\"logo\":{\"@type\":\"ImageObject\",\"inLanguage\":\"fr-FR\",\"@id\":\"https:\\\/\\\/santeodoroholidays.it\\\/#\\\/schema\\\/logo\\\/image\\\/\",\"url\":\"https:\\\/\\\/santeodoroholidays.it\\\/wp-content\\\/uploads\\\/2021\\\/04\\\/logo-santeodoro.png\",\"contentUrl\":\"https:\\\/\\\/santeodoroholidays.it\\\/wp-content\\\/uploads\\\/2021\\\/04\\\/logo-santeodoro.png\",\"width\":789,\"height\":313,\"caption\":\"San Teodoro Holidays\"},\"image\":{\"@id\":\"https:\\\/\\\/santeodoroholidays.it\\\/#\\\/schema\\\/logo\\\/image\\\/\"}}]}<\/script>\n<!-- \/ Yoast SEO plugin. -->","yoast_head_json":{"title":"Cookie Policy - San Teodoro Holidays","robots":{"index":"index","follow":"follow","max-snippet":"max-snippet:-1","max-image-preview":"max-image-preview:large","max-video-preview":"max-video-preview:-1"},"canonical":"https:\/\/santeodoroholidays.it\/fr\/cookie-policy\/","og_locale":"fr_FR","og_type":"article","og_title":"Cookie Policy - San Teodoro Holidays","og_description":"Cosa sono i cookie? Questa politica sui cookie spiega cosa sono i cookie e come li utilizziamo, i tipi di cookie che utilizziamo, ovvero le informazioni che raccogliamo utilizzando i cookie e come tali informazioni vengono utilizzate e come gestire le impostazioni dei cookie. I cookie sono piccoli file di testo che vengono utilizzati per [&hellip;]","og_url":"https:\/\/santeodoroholidays.it\/fr\/cookie-policy\/","og_site_name":"San Teodoro Holidays","article_modified_time":"2023-06-02T11:07:10+00:00","twitter_card":"summary_large_image","twitter_misc":{"Dur\u00e9e de lecture estim\u00e9e":"2 minutes"},"schema":{"@context":"https:\/\/schema.org","@graph":[{"@type":"WebPage","@id":"https:\/\/santeodoroholidays.it\/cookie-policy\/","url":"https:\/\/santeodoroholidays.it\/cookie-policy\/","name":"Cookie Policy - San Teodoro Holidays","isPartOf":{"@id":"https:\/\/santeodoroholidays.it\/#website"},"datePublished":"2023-06-02T10:57:55+00:00","dateModified":"2023-06-02T11:07:10+00:00","breadcrumb":{"@id":"https:\/\/santeodoroholidays.it\/cookie-policy\/#breadcrumb"},"inLanguage":"fr-FR","potentialAction":[{"@type":"ReadAction","target":["https:\/\/santeodoroholidays.it\/cookie-policy\/"]}]},{"@type":"BreadcrumbList","@id":"https:\/\/santeodoroholidays.it\/cookie-policy\/#breadcrumb","itemListElement":[{"@type":"ListItem","position":1,"name":"Home","item":"https:\/\/santeodoroholidays.it\/"},{"@type":"ListItem","position":2,"name":"Cookie Policy"}]},{"@type":"WebSite","@id":"https:\/\/santeodoroholidays.it\/#website","url":"https:\/\/santeodoroholidays.it\/","name":"San Teodoro Holidays","description":"Affittacamere a San Teodoro","publisher":{"@id":"https:\/\/santeodoroholidays.it\/#organization"},"potentialAction":[{"@type":"SearchAction","target":{"@type":"EntryPoint","urlTemplate":"https:\/\/santeodoroholidays.it\/?s={search_term_string}"},"query-input":{"@type":"PropertyValueSpecification","valueRequired":true,"valueName":"search_term_string"}}],"inLanguage":"fr-FR"},{"@type":"Organization","@id":"https:\/\/santeodoroholidays.it\/#organization","name":"San Teodoro Holidays","url":"https:\/\/santeodoroholidays.it\/","logo":{"@type":"ImageObject","inLanguage":"fr-FR","@id":"https:\/\/santeodoroholidays.it\/#\/schema\/logo\/image\/","url":"https:\/\/santeodoroholidays.it\/wp-content\/uploads\/2021\/04\/logo-santeodoro.png","contentUrl":"https:\/\/santeodoroholidays.it\/wp-content\/uploads\/2021\/04\/logo-santeodoro.png","width":789,"height":313,"caption":"San Teodoro Holidays"},"image":{"@id":"https:\/\/santeodoroholidays.it\/#\/schema\/logo\/image\/"}}]}},"_links":{"self":[{"href":"https:\/\/santeodoroholidays.it\/fr\/wp-json\/wp\/v2\/pages\/4138","targetHints":{"allow":["GET"]}}],"collection":[{"href":"https:\/\/santeodoroholidays.it\/fr\/wp-json\/wp\/v2\/pages"}],"about":[{"href":"https:\/\/santeodoroholidays.it\/fr\/wp-json\/wp\/v2\/types\/page"}],"author":[{"embeddable":true,"href":"https:\/\/santeodoroholidays.it\/fr\/wp-json\/wp\/v2\/users\/7"}],"replies":[{"embeddable":true,"href":"https:\/\/santeodoroholidays.it\/fr\/wp-json\/wp\/v2\/comments?post=4138"}],"version-history":[{"count":0,"href":"https:\/\/santeodoroholidays.it\/fr\/wp-json\/wp\/v2\/pages\/4138\/revisions"}],"wp:attachment":[{"href":"https:\/\/santeodoroholidays.it\/fr\/wp-json\/wp\/v2\/media?parent=4138"}],"curies":[{"name":"wp","href":"https:\/\/api.w.org\/{rel}","templated":true}]}}