{"id":4890,"date":"2026-04-06T10:38:33","date_gmt":"2026-04-06T10:38:33","guid":{"rendered":"https:\/\/santeodoroholidays.it\/?page_id=4890"},"modified":"2026-04-07T18:32:33","modified_gmt":"2026-04-07T18:32:33","slug":"sun-and-sea-home","status":"publish","type":"page","link":"https:\/\/santeodoroholidays.it\/fr\/sun-and-sea-home\/","title":{"rendered":"Sun and Sea Home"},"content":{"rendered":"<div data-elementor-type=\"wp-post\" data-elementor-id=\"4890\" class=\"elementor elementor-4890\" data-elementor-post-type=\"page\">\n\t\t\t\t\t\t<section class=\"elementor-section elementor-top-section elementor-element elementor-element-1552961 elementor-section-full_width elementor-section-height-default elementor-section-height-default\" data-id=\"1552961\" data-element_type=\"section\" data-e-type=\"section\" data-settings=\"{&quot;jet_parallax_layout_list&quot;:[]}\">\n\t\t\t\t\t\t\t<div class=\"elementor-background-overlay\"><\/div>\n\t\t\t\t\t\t\t<div class=\"elementor-container elementor-column-gap-default\">\n\t\t\t\t\t<div class=\"elementor-column elementor-col-100 elementor-top-column elementor-element elementor-element-56675c1\" data-id=\"56675c1\" data-element_type=\"column\" data-e-type=\"column\">\n\t\t\t<div class=\"elementor-widget-wrap elementor-element-populated\">\n\t\t\t\t\t\t<div class=\"elementor-element elementor-element-e264280 elementor--h-position-center elementor--v-position-middle elementor-arrows-position-inside elementor-pagination-position-inside elementor-widget elementor-widget-slides\" data-id=\"e264280\" data-element_type=\"widget\" data-e-type=\"widget\" data-settings=\"{&quot;navigation&quot;:&quot;both&quot;,&quot;autoplay&quot;:&quot;yes&quot;,&quot;pause_on_hover&quot;:&quot;yes&quot;,&quot;pause_on_interaction&quot;:&quot;yes&quot;,&quot;autoplay_speed&quot;:5000,&quot;infinite&quot;:&quot;yes&quot;,&quot;transition&quot;:&quot;slide&quot;,&quot;transition_speed&quot;:500}\" data-widget_type=\"slides.default\">\n\t\t\t\t<div class=\"elementor-widget-container\">\n\t\t\t\t\t\t\t\t\t<div class=\"elementor-swiper\">\n\t\t\t\t\t<div class=\"elementor-slides-wrapper elementor-main-swiper swiper\" role=\"region\" aria-roledescription=\"carousel\" aria-label=\"Slides\" dir=\"ltr\" data-animation=\"fadeInUp\">\n\t\t\t\t<div class=\"swiper-wrapper elementor-slides\">\n\t\t\t\t\t\t\t\t\t\t<div class=\"elementor-repeater-item-5315530 swiper-slide\" role=\"group\" aria-roledescription=\"slide\"><div class=\"swiper-slide-bg\" role=\"img\"><\/div><div class=\"swiper-slide-inner\" ><div class=\"swiper-slide-contents\"><\/div><\/div><\/div><div class=\"elementor-repeater-item-3441a39 swiper-slide\" role=\"group\" aria-roledescription=\"slide\"><div class=\"swiper-slide-bg\" role=\"img\"><\/div><div class=\"swiper-slide-inner\" ><div class=\"swiper-slide-contents\"><\/div><\/div><\/div><div class=\"elementor-repeater-item-7054f82 swiper-slide\" role=\"group\" aria-roledescription=\"slide\"><div class=\"swiper-slide-bg\" role=\"img\"><\/div><div class=\"swiper-slide-inner\" ><div class=\"swiper-slide-contents\"><\/div><\/div><\/div>\t\t\t\t<\/div>\n\t\t\t\t\t\t\t\t\t\t\t\t\t\t\t<div class=\"elementor-swiper-button elementor-swiper-button-prev\" role=\"button\" tabindex=\"0\" aria-label=\"Vorherige Folie\" data-no-translation-aria-label=\"\">\n\t\t\t\t\t\t\t<i aria-hidden=\"true\" class=\"eicon-chevron-left\"><\/i>\t\t\t\t\t\t<\/div>\n\t\t\t\t\t\t<div class=\"elementor-swiper-button elementor-swiper-button-next\" role=\"button\" tabindex=\"0\" aria-label=\"N\u00e4chste Folie\" data-no-translation-aria-label=\"\">\n\t\t\t\t\t\t\t<i aria-hidden=\"true\" class=\"eicon-chevron-right\"><\/i>\t\t\t\t\t\t<\/div>\n\t\t\t\t\t\t\t\t\t\t\t\t\t\t\t\t<div class=\"swiper-pagination\"><\/div>\n\t\t\t\t\t\t\t\t\t\t\t\t<\/div>\n\t\t\t\t<\/div>\n\t\t\t\t\t\t\t\t<\/div>\n\t\t\t\t<\/div>\n\t\t\t\t\t<\/div>\n\t\t<\/div>\n\t\t\t\t\t<\/div>\n\t\t<\/section>\n\t\t\t\t<section class=\"elementor-section elementor-top-section elementor-element elementor-element-0376976 elementor-section-boxed elementor-section-height-default elementor-section-height-default\" data-id=\"0376976\" data-element_type=\"section\" data-e-type=\"section\" data-settings=\"{&quot;jet_parallax_layout_list&quot;:[]}\">\n\t\t\t\t\t\t<div class=\"elementor-container elementor-column-gap-default\">\n\t\t\t\t\t<div class=\"elementor-column elementor-col-100 elementor-top-column elementor-element elementor-element-07b06af\" data-id=\"07b06af\" data-element_type=\"column\" data-e-type=\"column\">\n\t\t\t<div class=\"elementor-widget-wrap elementor-element-populated\">\n\t\t\t\t\t\t<div class=\"elementor-element elementor-element-6fe125b elementor-widget elementor-widget-heading\" data-id=\"6fe125b\" data-element_type=\"widget\" data-e-type=\"widget\" data-widget_type=\"heading.default\">\n\t\t\t\t<div class=\"elementor-widget-container\">\n\t\t\t\t\t<h2 class=\"elementor-heading-title elementor-size-default\">Sun and Sea Home<\/h2>\t\t\t\t<\/div>\n\t\t\t\t<\/div>\n\t\t\t\t<div class=\"elementor-element elementor-element-9ae59ad elementor-widget elementor-widget-text-editor\" data-id=\"9ae59ad\" data-element_type=\"widget\" data-e-type=\"widget\" data-widget_type=\"text-editor.default\">\n\t\t\t\t<div class=\"elementor-widget-container\">\n\t\t\t\t\t\t\t\t\t<p data-path-to-node=\"9\">Situ\u00e9e dans le cadre enchanteur de <b data-path-to-node=\"9\" data-index-in-node=\"36\">San Teodoro<\/b>, la <b data-path-to-node=\"9\" data-index-in-node=\"52\">Sun and Sea Home<\/b> est le choix id\u00e9al pour ceux qui recherchent des vacances plac\u00e9es sous le signe du confort et de la proximit\u00e9 de la mer. Cet \u00e9tablissement, d\u00e9cor\u00e9 dans un style frais et contemporain rappelant les couleurs de la M\u00e9diterran\u00e9e, est con\u00e7u pour offrir une exp\u00e9rience de s\u00e9jour inoubliable.<\/p><p data-path-to-node=\"10\">L\u2019appartement dispose d\u2019espaces vastes et lumineux, d\u2019une cuisine enti\u00e8rement \u00e9quip\u00e9e et de chambres accueillantes con\u00e7ues pour un repos optimal. Chaque d\u00e9tail est soign\u00e9 pour vous faire sentir comme chez vous, avec des \u00e9quipements modernes.<\/p><p data-path-to-node=\"13\">La <b data-path-to-node=\"13\" data-index-in-node=\"3\">Sun and Sea Home<\/b> b\u00e9n\u00e9ficie d\u2019un emplacement strat\u00e9gique : plong\u00e9e dans la tranquillit\u00e9 mais \u00e0 tr\u00e8s courte distance de la vie anim\u00e9e du centre de San Teodoro et des plages les plus embl\u00e9matiques de la r\u00e9gion, comme la splendide <b data-path-to-node=\"13\" data-index-in-node=\"209\">La Cinta<\/b>.<\/p><p data-path-to-node=\"14\">Son emplacement permet d\u2019atteindre facilement des restaurants typiques, des boutiques et des services essentiels, en faisant le point de d\u00e9part parfait pour explorer les merveilles du Nord-Est de la Sardaigne. L\u2019\u00e9tablissement se trouve \u00e0 environ 25 minutes de l\u2019a\u00e9roport d\u2019Olbia-Costa Smeralda.<\/p>\t\t\t\t\t\t\t\t<\/div>\n\t\t\t\t<\/div>\n\t\t\t\t<div class=\"elementor-element elementor-element-0bd7a9d elementor-align-center elementor-widget elementor-widget-button\" data-id=\"0bd7a9d\" data-element_type=\"widget\" data-e-type=\"widget\" data-widget_type=\"button.default\">\n\t\t\t\t<div class=\"elementor-widget-container\">\n\t\t\t\t\t\t\t\t\t<div class=\"elementor-button-wrapper\">\n\t\t\t\t\t<a class=\"elementor-button elementor-button-link elementor-size-sm\" href=\"https:\/\/santeodoroholidays.it\/fr\/product-category\/camere\/\">\n\t\t\t\t\t\t<span class=\"elementor-button-content-wrapper\">\n\t\t\t\t\t\t\t\t\t<span class=\"elementor-button-text\">R\u00c9SERVEZ<\/span>\n\t\t\t\t\t<\/span>\n\t\t\t\t\t<\/a>\n\t\t\t\t<\/div>\n\t\t\t\t\t\t\t\t<\/div>\n\t\t\t\t<\/div>\n\t\t\t\t\t<\/div>\n\t\t<\/div>\n\t\t\t\t\t<\/div>\n\t\t<\/section>\n\t\t\t\t<section class=\"elementor-section elementor-top-section elementor-element elementor-element-6e4314e elementor-section-boxed elementor-section-height-default elementor-section-height-default\" data-id=\"6e4314e\" data-element_type=\"section\" data-e-type=\"section\" data-settings=\"{&quot;jet_parallax_layout_list&quot;:[]}\">\n\t\t\t\t\t\t<div class=\"elementor-container elementor-column-gap-default\">\n\t\t\t\t\t<div class=\"elementor-column elementor-col-100 elementor-top-column elementor-element elementor-element-dcb1f64\" data-id=\"dcb1f64\" data-element_type=\"column\" data-e-type=\"column\">\n\t\t\t<div class=\"elementor-widget-wrap elementor-element-populated\">\n\t\t\t\t\t\t<div class=\"elementor-element elementor-element-d13d08f elementor-widget elementor-widget-gallery\" data-id=\"d13d08f\" data-element_type=\"widget\" data-e-type=\"widget\" data-settings=\"{&quot;aspect_ratio&quot;:&quot;4:3&quot;,&quot;columns&quot;:3,&quot;lazyload&quot;:&quot;yes&quot;,&quot;gallery_layout&quot;:&quot;grid&quot;,&quot;columns_tablet&quot;:2,&quot;columns_mobile&quot;:1,&quot;gap&quot;:{&quot;unit&quot;:&quot;px&quot;,&quot;size&quot;:10,&quot;sizes&quot;:[]},&quot;gap_tablet&quot;:{&quot;unit&quot;:&quot;px&quot;,&quot;size&quot;:10,&quot;sizes&quot;:[]},&quot;gap_mobile&quot;:{&quot;unit&quot;:&quot;px&quot;,&quot;size&quot;:10,&quot;sizes&quot;:[]},&quot;link_to&quot;:&quot;file&quot;,&quot;overlay_background&quot;:&quot;yes&quot;,&quot;content_hover_animation&quot;:&quot;fade-in&quot;}\" data-widget_type=\"gallery.default\">\n\t\t\t\t<div class=\"elementor-widget-container\">\n\t\t\t\t\t\t\t<div class=\"elementor-gallery__container\">\n\t\t\t\t\t\t\t<a class=\"e-gallery-item elementor-gallery-item elementor-animated-content\" href=\"https:\/\/santeodoroholidays.it\/wp-content\/uploads\/2026\/04\/Progetto-senza-titolo-3.png\" data-elementor-open-lightbox=\"yes\" data-elementor-lightbox-slideshow=\"d13d08f\" data-elementor-lightbox-title=\"Progetto senza titolo (3)\" data-e-action-hash=\"#elementor-action%3Aaction%3Dlightbox%26settings%3DeyJpZCI6NDg5NiwidXJsIjoiaHR0cHM6XC9cL3NhbnRlb2Rvcm9ob2xpZGF5cy5pdFwvd3AtY29udGVudFwvdXBsb2Fkc1wvMjAyNlwvMDRcL1Byb2dldHRvLXNlbnphLXRpdG9sby0zLnBuZyIsInNsaWRlc2hvdyI6ImQxM2QwOGYifQ%3D%3D\">\n\t\t\t\t\t<div class=\"e-gallery-image elementor-gallery-item__image\" data-thumbnail=\"https:\/\/santeodoroholidays.it\/wp-content\/uploads\/2026\/04\/Progetto-senza-titolo-3.png\" data-width=\"1195\" data-height=\"896\" aria-label=\"\" role=\"img\" ><\/div>\n\t\t\t\t\t\t\t\t\t\t\t<div class=\"elementor-gallery-item__overlay\"><\/div>\n\t\t\t\t\t\t\t\t\t\t\t\t\t\t<\/a>\n\t\t\t\t\t\t\t<a class=\"e-gallery-item elementor-gallery-item elementor-animated-content\" href=\"https:\/\/santeodoroholidays.it\/wp-content\/uploads\/2026\/04\/foto-san-teodoro.png\" data-elementor-open-lightbox=\"yes\" data-elementor-lightbox-slideshow=\"d13d08f\" data-elementor-lightbox-title=\"foto san teodoro\" data-e-action-hash=\"#elementor-action%3Aaction%3Dlightbox%26settings%3DeyJpZCI6NDg5MiwidXJsIjoiaHR0cHM6XC9cL3NhbnRlb2Rvcm9ob2xpZGF5cy5pdFwvd3AtY29udGVudFwvdXBsb2Fkc1wvMjAyNlwvMDRcL2ZvdG8tc2FuLXRlb2Rvcm8ucG5nIiwic2xpZGVzaG93IjoiZDEzZDA4ZiJ9\">\n\t\t\t\t\t<div class=\"e-gallery-image elementor-gallery-item__image\" data-thumbnail=\"https:\/\/santeodoroholidays.it\/wp-content\/uploads\/2026\/04\/foto-san-teodoro.png\" data-width=\"1195\" data-height=\"896\" aria-label=\"\" role=\"img\" ><\/div>\n\t\t\t\t\t\t\t\t\t\t\t<div class=\"elementor-gallery-item__overlay\"><\/div>\n\t\t\t\t\t\t\t\t\t\t\t\t\t\t<\/a>\n\t\t\t\t\t\t\t<a class=\"e-gallery-item elementor-gallery-item elementor-animated-content\" href=\"https:\/\/santeodoroholidays.it\/wp-content\/uploads\/2026\/04\/Progetto-senza-titolo.png\" data-elementor-open-lightbox=\"yes\" data-elementor-lightbox-slideshow=\"d13d08f\" data-elementor-lightbox-title=\"Progetto senza titolo\" data-e-action-hash=\"#elementor-action%3Aaction%3Dlightbox%26settings%3DeyJpZCI6NDg5NSwidXJsIjoiaHR0cHM6XC9cL3NhbnRlb2Rvcm9ob2xpZGF5cy5pdFwvd3AtY29udGVudFwvdXBsb2Fkc1wvMjAyNlwvMDRcL1Byb2dldHRvLXNlbnphLXRpdG9sby5wbmciLCJzbGlkZXNob3ciOiJkMTNkMDhmIn0%3D\">\n\t\t\t\t\t<div class=\"e-gallery-image elementor-gallery-item__image\" data-thumbnail=\"https:\/\/santeodoroholidays.it\/wp-content\/uploads\/2026\/04\/Progetto-senza-titolo.png\" data-width=\"1195\" data-height=\"896\" aria-label=\"\" role=\"img\" ><\/div>\n\t\t\t\t\t\t\t\t\t\t\t<div class=\"elementor-gallery-item__overlay\"><\/div>\n\t\t\t\t\t\t\t\t\t\t\t\t\t\t<\/a>\n\t\t\t\t\t\t\t<a class=\"e-gallery-item elementor-gallery-item elementor-animated-content\" href=\"https:\/\/santeodoroholidays.it\/wp-content\/uploads\/2026\/04\/Progetto-senza-titolo-2.png\" data-elementor-open-lightbox=\"yes\" data-elementor-lightbox-slideshow=\"d13d08f\" data-elementor-lightbox-title=\"Progetto senza titolo (2)\" data-e-action-hash=\"#elementor-action%3Aaction%3Dlightbox%26settings%3DeyJpZCI6NDg5MywidXJsIjoiaHR0cHM6XC9cL3NhbnRlb2Rvcm9ob2xpZGF5cy5pdFwvd3AtY29udGVudFwvdXBsb2Fkc1wvMjAyNlwvMDRcL1Byb2dldHRvLXNlbnphLXRpdG9sby0yLnBuZyIsInNsaWRlc2hvdyI6ImQxM2QwOGYifQ%3D%3D\">\n\t\t\t\t\t<div class=\"e-gallery-image elementor-gallery-item__image\" data-thumbnail=\"https:\/\/santeodoroholidays.it\/wp-content\/uploads\/2026\/04\/Progetto-senza-titolo-2.png\" data-width=\"1195\" data-height=\"896\" aria-label=\"\" role=\"img\" ><\/div>\n\t\t\t\t\t\t\t\t\t\t\t<div class=\"elementor-gallery-item__overlay\"><\/div>\n\t\t\t\t\t\t\t\t\t\t\t\t\t\t<\/a>\n\t\t\t\t\t<\/div>\n\t\t\t\t\t<\/div>\n\t\t\t\t<\/div>\n\t\t\t\t<div class=\"elementor-element elementor-element-c8a4b26 elementor-widget elementor-widget-spacer\" data-id=\"c8a4b26\" data-element_type=\"widget\" data-e-type=\"widget\" data-widget_type=\"spacer.default\">\n\t\t\t\t<div class=\"elementor-widget-container\">\n\t\t\t\t\t\t\t<div class=\"elementor-spacer\">\n\t\t\t<div class=\"elementor-spacer-inner\"><\/div>\n\t\t<\/div>\n\t\t\t\t\t\t<\/div>\n\t\t\t\t<\/div>\n\t\t\t\t\t<\/div>\n\t\t<\/div>\n\t\t\t\t\t<\/div>\n\t\t<\/section>\n\t\t\t\t<\/div>","protected":false},"excerpt":{"rendered":"<p>Sun and Sea Home Situata nell&#8217;incantevole cornice di San Teodoro, la Sun and Sea Home \u00e8 la scelta ideale per chi cerca una vacanza all&#8217;insegna del comfort e della vicinanza al mare. Questa struttura, arredata con uno stile fresco e contemporaneo che richiama i colori del Mediterraneo, \u00e8 pensata per offrire un\u2019esperienza di soggiorno indimenticabile. [&hellip;]<\/p>","protected":false},"author":9,"featured_media":4896,"parent":0,"menu_order":0,"comment_status":"closed","ping_status":"closed","template":"elementor_header_footer","meta":{"_acf_changed":false,"footnotes":""},"class_list":["post-4890","page","type-page","status-publish","has-post-thumbnail","hentry"],"acf":[],"yoast_head":"<!-- This site is optimized with the Yoast SEO plugin v27.3 - https:\/\/yoast.com\/product\/yoast-seo-wordpress\/ -->\n<title>Sun and Sea Home - San Teodoro Holidays<\/title>\n<meta name=\"description\" content=\"Cerchi una casa vicino alla spiaggia La Cinta? La nostra Luxury Home si trova a pochi passi dalla sabbia bianca di San Teodoro. Prenota ora il tuo soggiorno al mare.\" \/>\n<meta name=\"robots\" content=\"index, follow, max-snippet:-1, max-image-preview:large, max-video-preview:-1\" \/>\n<link rel=\"canonical\" href=\"https:\/\/santeodoroholidays.it\/fr\/sun-and-sea-home\/\" \/>\n<meta property=\"og:locale\" content=\"fr_FR\" \/>\n<meta property=\"og:type\" content=\"article\" \/>\n<meta property=\"og:title\" content=\"Sun and Sea Home - San Teodoro Holidays\" \/>\n<meta property=\"og:description\" content=\"Cerchi una casa vicino alla spiaggia La Cinta? La nostra Luxury Home si trova a pochi passi dalla sabbia bianca di San Teodoro. Prenota ora il tuo soggiorno al mare.\" \/>\n<meta property=\"og:url\" content=\"https:\/\/santeodoroholidays.it\/fr\/sun-and-sea-home\/\" \/>\n<meta property=\"og:site_name\" content=\"San Teodoro Holidays\" \/>\n<meta property=\"article:modified_time\" content=\"2026-04-07T18:32:33+00:00\" \/>\n<meta property=\"og:image\" content=\"https:\/\/santeodoroholidays.it\/wp-content\/uploads\/2026\/04\/Progetto-senza-titolo-3.png\" \/>\n\t<meta property=\"og:image:width\" content=\"1195\" \/>\n\t<meta property=\"og:image:height\" content=\"896\" \/>\n\t<meta property=\"og:image:type\" content=\"image\/png\" \/>\n<meta name=\"twitter:card\" content=\"summary_large_image\" \/>\n<meta name=\"twitter:label1\" content=\"Dur\u00e9e de lecture estim\u00e9e\" \/>\n\t<meta name=\"twitter:data1\" content=\"1 minute\" \/>\n<script type=\"application\/ld+json\" class=\"yoast-schema-graph\">{\"@context\":\"https:\\\/\\\/schema.org\",\"@graph\":[{\"@type\":\"WebPage\",\"@id\":\"https:\\\/\\\/santeodoroholidays.it\\\/sun-and-sea-home\\\/\",\"url\":\"https:\\\/\\\/santeodoroholidays.it\\\/sun-and-sea-home\\\/\",\"name\":\"Sun and Sea Home - San Teodoro Holidays\",\"isPartOf\":{\"@id\":\"https:\\\/\\\/santeodoroholidays.it\\\/#website\"},\"primaryImageOfPage\":{\"@id\":\"https:\\\/\\\/santeodoroholidays.it\\\/sun-and-sea-home\\\/#primaryimage\"},\"image\":{\"@id\":\"https:\\\/\\\/santeodoroholidays.it\\\/sun-and-sea-home\\\/#primaryimage\"},\"thumbnailUrl\":\"https:\\\/\\\/santeodoroholidays.it\\\/wp-content\\\/uploads\\\/2026\\\/04\\\/Progetto-senza-titolo-3.png\",\"datePublished\":\"2026-04-06T10:38:33+00:00\",\"dateModified\":\"2026-04-07T18:32:33+00:00\",\"description\":\"Cerchi una casa vicino alla spiaggia La Cinta? La nostra Luxury Home si trova a pochi passi dalla sabbia bianca di San Teodoro. Prenota ora il tuo soggiorno al mare.\",\"breadcrumb\":{\"@id\":\"https:\\\/\\\/santeodoroholidays.it\\\/sun-and-sea-home\\\/#breadcrumb\"},\"inLanguage\":\"fr-FR\",\"potentialAction\":[{\"@type\":\"ReadAction\",\"target\":[\"https:\\\/\\\/santeodoroholidays.it\\\/sun-and-sea-home\\\/\"]}]},{\"@type\":\"ImageObject\",\"inLanguage\":\"fr-FR\",\"@id\":\"https:\\\/\\\/santeodoroholidays.it\\\/sun-and-sea-home\\\/#primaryimage\",\"url\":\"https:\\\/\\\/santeodoroholidays.it\\\/wp-content\\\/uploads\\\/2026\\\/04\\\/Progetto-senza-titolo-3.png\",\"contentUrl\":\"https:\\\/\\\/santeodoroholidays.it\\\/wp-content\\\/uploads\\\/2026\\\/04\\\/Progetto-senza-titolo-3.png\",\"width\":1195,\"height\":896},{\"@type\":\"BreadcrumbList\",\"@id\":\"https:\\\/\\\/santeodoroholidays.it\\\/sun-and-sea-home\\\/#breadcrumb\",\"itemListElement\":[{\"@type\":\"ListItem\",\"position\":1,\"name\":\"Home\",\"item\":\"https:\\\/\\\/santeodoroholidays.it\\\/\"},{\"@type\":\"ListItem\",\"position\":2,\"name\":\"Sun and Sea Home\"}]},{\"@type\":\"WebSite\",\"@id\":\"https:\\\/\\\/santeodoroholidays.it\\\/#website\",\"url\":\"https:\\\/\\\/santeodoroholidays.it\\\/\",\"name\":\"San Teodoro Holidays\",\"description\":\"Affittacamere a San Teodoro\",\"publisher\":{\"@id\":\"https:\\\/\\\/santeodoroholidays.it\\\/#organization\"},\"potentialAction\":[{\"@type\":\"SearchAction\",\"target\":{\"@type\":\"EntryPoint\",\"urlTemplate\":\"https:\\\/\\\/santeodoroholidays.it\\\/?s={search_term_string}\"},\"query-input\":{\"@type\":\"PropertyValueSpecification\",\"valueRequired\":true,\"valueName\":\"search_term_string\"}}],\"inLanguage\":\"fr-FR\"},{\"@type\":\"Organization\",\"@id\":\"https:\\\/\\\/santeodoroholidays.it\\\/#organization\",\"name\":\"San Teodoro Holidays\",\"url\":\"https:\\\/\\\/santeodoroholidays.it\\\/\",\"logo\":{\"@type\":\"ImageObject\",\"inLanguage\":\"fr-FR\",\"@id\":\"https:\\\/\\\/santeodoroholidays.it\\\/#\\\/schema\\\/logo\\\/image\\\/\",\"url\":\"https:\\\/\\\/santeodoroholidays.it\\\/wp-content\\\/uploads\\\/2021\\\/04\\\/logo-santeodoro.png\",\"contentUrl\":\"https:\\\/\\\/santeodoroholidays.it\\\/wp-content\\\/uploads\\\/2021\\\/04\\\/logo-santeodoro.png\",\"width\":789,\"height\":313,\"caption\":\"San Teodoro Holidays\"},\"image\":{\"@id\":\"https:\\\/\\\/santeodoroholidays.it\\\/#\\\/schema\\\/logo\\\/image\\\/\"}}]}<\/script>\n<!-- \/ Yoast SEO plugin. -->","yoast_head_json":{"title":"Sun and Sea Home - San Teodoro Holidays","description":"Cerchi una casa vicino alla spiaggia La Cinta? La nostra Luxury Home si trova a pochi passi dalla sabbia bianca di San Teodoro. Prenota ora il tuo soggiorno al mare.","robots":{"index":"index","follow":"follow","max-snippet":"max-snippet:-1","max-image-preview":"max-image-preview:large","max-video-preview":"max-video-preview:-1"},"canonical":"https:\/\/santeodoroholidays.it\/fr\/sun-and-sea-home\/","og_locale":"fr_FR","og_type":"article","og_title":"Sun and Sea Home - San Teodoro Holidays","og_description":"Cerchi una casa vicino alla spiaggia La Cinta? La nostra Luxury Home si trova a pochi passi dalla sabbia bianca di San Teodoro. Prenota ora il tuo soggiorno al mare.","og_url":"https:\/\/santeodoroholidays.it\/fr\/sun-and-sea-home\/","og_site_name":"San Teodoro Holidays","article_modified_time":"2026-04-07T18:32:33+00:00","og_image":[{"width":1195,"height":896,"url":"https:\/\/santeodoroholidays.it\/wp-content\/uploads\/2026\/04\/Progetto-senza-titolo-3.png","type":"image\/png"}],"twitter_card":"summary_large_image","twitter_misc":{"Dur\u00e9e de lecture estim\u00e9e":"1 minute"},"schema":{"@context":"https:\/\/schema.org","@graph":[{"@type":"WebPage","@id":"https:\/\/santeodoroholidays.it\/sun-and-sea-home\/","url":"https:\/\/santeodoroholidays.it\/sun-and-sea-home\/","name":"Sun and Sea Home - San Teodoro Holidays","isPartOf":{"@id":"https:\/\/santeodoroholidays.it\/#website"},"primaryImageOfPage":{"@id":"https:\/\/santeodoroholidays.it\/sun-and-sea-home\/#primaryimage"},"image":{"@id":"https:\/\/santeodoroholidays.it\/sun-and-sea-home\/#primaryimage"},"thumbnailUrl":"https:\/\/santeodoroholidays.it\/wp-content\/uploads\/2026\/04\/Progetto-senza-titolo-3.png","datePublished":"2026-04-06T10:38:33+00:00","dateModified":"2026-04-07T18:32:33+00:00","description":"Cerchi una casa vicino alla spiaggia La Cinta? La nostra Luxury Home si trova a pochi passi dalla sabbia bianca di San Teodoro. Prenota ora il tuo soggiorno al mare.","breadcrumb":{"@id":"https:\/\/santeodoroholidays.it\/sun-and-sea-home\/#breadcrumb"},"inLanguage":"fr-FR","potentialAction":[{"@type":"ReadAction","target":["https:\/\/santeodoroholidays.it\/sun-and-sea-home\/"]}]},{"@type":"ImageObject","inLanguage":"fr-FR","@id":"https:\/\/santeodoroholidays.it\/sun-and-sea-home\/#primaryimage","url":"https:\/\/santeodoroholidays.it\/wp-content\/uploads\/2026\/04\/Progetto-senza-titolo-3.png","contentUrl":"https:\/\/santeodoroholidays.it\/wp-content\/uploads\/2026\/04\/Progetto-senza-titolo-3.png","width":1195,"height":896},{"@type":"BreadcrumbList","@id":"https:\/\/santeodoroholidays.it\/sun-and-sea-home\/#breadcrumb","itemListElement":[{"@type":"ListItem","position":1,"name":"Home","item":"https:\/\/santeodoroholidays.it\/"},{"@type":"ListItem","position":2,"name":"Sun and Sea Home"}]},{"@type":"WebSite","@id":"https:\/\/santeodoroholidays.it\/#website","url":"https:\/\/santeodoroholidays.it\/","name":"San Teodoro Holidays","description":"Affittacamere a San Teodoro","publisher":{"@id":"https:\/\/santeodoroholidays.it\/#organization"},"potentialAction":[{"@type":"SearchAction","target":{"@type":"EntryPoint","urlTemplate":"https:\/\/santeodoroholidays.it\/?s={search_term_string}"},"query-input":{"@type":"PropertyValueSpecification","valueRequired":true,"valueName":"search_term_string"}}],"inLanguage":"fr-FR"},{"@type":"Organization","@id":"https:\/\/santeodoroholidays.it\/#organization","name":"San Teodoro Holidays","url":"https:\/\/santeodoroholidays.it\/","logo":{"@type":"ImageObject","inLanguage":"fr-FR","@id":"https:\/\/santeodoroholidays.it\/#\/schema\/logo\/image\/","url":"https:\/\/santeodoroholidays.it\/wp-content\/uploads\/2021\/04\/logo-santeodoro.png","contentUrl":"https:\/\/santeodoroholidays.it\/wp-content\/uploads\/2021\/04\/logo-santeodoro.png","width":789,"height":313,"caption":"San Teodoro Holidays"},"image":{"@id":"https:\/\/santeodoroholidays.it\/#\/schema\/logo\/image\/"}}]}},"_links":{"self":[{"href":"https:\/\/santeodoroholidays.it\/fr\/wp-json\/wp\/v2\/pages\/4890","targetHints":{"allow":["GET"]}}],"collection":[{"href":"https:\/\/santeodoroholidays.it\/fr\/wp-json\/wp\/v2\/pages"}],"about":[{"href":"https:\/\/santeodoroholidays.it\/fr\/wp-json\/wp\/v2\/types\/page"}],"author":[{"embeddable":true,"href":"https:\/\/santeodoroholidays.it\/fr\/wp-json\/wp\/v2\/users\/9"}],"replies":[{"embeddable":true,"href":"https:\/\/santeodoroholidays.it\/fr\/wp-json\/wp\/v2\/comments?post=4890"}],"version-history":[{"count":18,"href":"https:\/\/santeodoroholidays.it\/fr\/wp-json\/wp\/v2\/pages\/4890\/revisions"}],"predecessor-version":[{"id":5005,"href":"https:\/\/santeodoroholidays.it\/fr\/wp-json\/wp\/v2\/pages\/4890\/revisions\/5005"}],"wp:featuredmedia":[{"embeddable":true,"href":"https:\/\/santeodoroholidays.it\/fr\/wp-json\/wp\/v2\/media\/4896"}],"wp:attachment":[{"href":"https:\/\/santeodoroholidays.it\/fr\/wp-json\/wp\/v2\/media?parent=4890"}],"curies":[{"name":"wp","href":"https:\/\/api.w.org\/{rel}","templated":true}]}}