{"id":4993,"date":"2026-04-07T18:27:58","date_gmt":"2026-04-07T18:27:58","guid":{"rendered":"https:\/\/santeodoroholidays.it\/product\/la-cinta-tripla\/"},"modified":"2026-04-08T09:19:37","modified_gmt":"2026-04-08T09:19:37","slug":"la-cinta-tripla","status":"publish","type":"product","link":"https:\/\/santeodoroholidays.it\/fr\/product\/la-cinta-tripla\/","title":{"rendered":"La Cinta \u2013 Triple"},"content":{"rendered":"<p>Situ\u00e9 \u00e0 San Teodoro,\u00a0<strong>La Cinta<\/strong>\u00a0Luxury Home ouvre ses portes \u00e0 ses clients en juin 2025.<br \/>\nDe toute nouvelle construction, Marm\u00e8 est \u00e9quip\u00e9 de tout le confort pour garantir une hospitalit\u00e9 maximale. Toutes les chambres de 24 \u00e0 28 m\u00e8tres carr\u00e9s, finement meubl\u00e9es, disposent de la connexion Wi-Fi, d'une armoire, d'un bureau, d'un mini-bar, d'un coffre-fort, d'une t\u00e9l\u00e9vision \u00e0 \u00e9cran plat, d'une salle de bain priv\u00e9e, de la climatisation, d'une bouilloire \u00e9lectrique et d'une machine \u00e0 caf\u00e9.<br \/>\nLa Cinta Luxury Home dispose d'un parking int\u00e9rieur \u00e0 la structure et se trouve dans un emplacement tr\u00e8s central de<strong>\u00a0San Teodoro<\/strong>, \u00e0 quelques pas de la\u00a0<strong>plage La Cinta<\/strong>. La structure se trouve dans une zone r\u00e9sidentielle de San Teodoro, \u00e0 deux pas d'un restaurant, d'un supermarch\u00e9, d'un centre esth\u00e9tique, d'un beach bar, d'un arr\u00eat Beach Bus. La structure est \u00e0 29 km de l'a\u00e9roport d'Olbia-Costa Smeralda.<\/p>","protected":false},"excerpt":{"rendered":"<p>Situato a San Teodoro,\u00a0La Cinta\u00a0Luxury Home apre le porte ai suoi clienti nel giugno 2025. Di nuovissima realizzazione, Marm\u00e8 \u00e8 dotato di tutti i comfort per garantire la massima ospitalit\u00e0. Tutte le camere da 24 a 28 metri quadri, finemente arredate, sono raggiunte da connessione Wi-fi, dotate di armadio, scrivania, frigo bar, cassaforte, TV a [&hellip;]<\/p>","protected":false},"featured_media":4851,"comment_status":"closed","ping_status":"closed","template":"","meta":{"_acf_changed":false},"product_brand":[],"product_cat":[102,104],"product_tag":[],"class_list":{"0":"post-4993","1":"product","2":"type-product","3":"status-publish","4":"has-post-thumbnail","6":"product_cat-camere","7":"product_cat-camere-la-cinta","9":"first","10":"instock","11":"virtual","12":"purchasable","13":"product-type-simple"},"acf":[],"yoast_head":"<!-- This site is optimized with the Yoast SEO plugin v27.3 - https:\/\/yoast.com\/product\/yoast-seo-wordpress\/ -->\n<title>La Cinta - Tripla - San Teodoro Holidays<\/title>\n<meta name=\"robots\" content=\"index, follow, max-snippet:-1, max-image-preview:large, max-video-preview:-1\" \/>\n<link rel=\"canonical\" href=\"https:\/\/santeodoroholidays.it\/fr\/product\/la-cinta-tripla\/\" \/>\n<meta property=\"og:locale\" content=\"fr_FR\" \/>\n<meta property=\"og:type\" content=\"article\" \/>\n<meta property=\"og:title\" content=\"La Cinta - Tripla - San Teodoro Holidays\" \/>\n<meta property=\"og:description\" content=\"Situato a San Teodoro,\u00a0La Cinta\u00a0Luxury Home apre le porte ai suoi clienti nel giugno 2025. Di nuovissima realizzazione, Marm\u00e8 \u00e8 dotato di tutti i comfort per garantire la massima ospitalit\u00e0. Tutte le camere da 24 a 28 metri quadri, finemente arredate, sono raggiunte da connessione Wi-fi, dotate di armadio, scrivania, frigo bar, cassaforte, TV a [&hellip;]\" \/>\n<meta property=\"og:url\" content=\"https:\/\/santeodoroholidays.it\/fr\/product\/la-cinta-tripla\/\" \/>\n<meta property=\"og:site_name\" content=\"San Teodoro Holidays\" \/>\n<meta property=\"article:modified_time\" content=\"2026-04-08T09:19:37+00:00\" \/>\n<meta property=\"og:image\" content=\"https:\/\/santeodoroholidays.it\/wp-content\/uploads\/2025\/07\/DSC09184-HDR-Modifica_4_11zon.jpg\" \/>\n\t<meta property=\"og:image:width\" content=\"1920\" \/>\n\t<meta property=\"og:image:height\" content=\"1280\" \/>\n\t<meta property=\"og:image:type\" content=\"image\/jpeg\" \/>\n<meta name=\"twitter:card\" content=\"summary_large_image\" \/>\n<meta name=\"twitter:label1\" content=\"Dur\u00e9e de lecture estim\u00e9e\" \/>\n\t<meta name=\"twitter:data1\" content=\"1 minute\" \/>\n<script type=\"application\/ld+json\" class=\"yoast-schema-graph\">{\"@context\":\"https:\\\/\\\/schema.org\",\"@graph\":[{\"@type\":\"WebPage\",\"@id\":\"https:\\\/\\\/santeodoroholidays.it\\\/product\\\/la-cinta-tripla\\\/\",\"url\":\"https:\\\/\\\/santeodoroholidays.it\\\/product\\\/la-cinta-tripla\\\/\",\"name\":\"La Cinta - Tripla - San Teodoro Holidays\",\"isPartOf\":{\"@id\":\"https:\\\/\\\/santeodoroholidays.it\\\/#website\"},\"primaryImageOfPage\":{\"@id\":\"https:\\\/\\\/santeodoroholidays.it\\\/product\\\/la-cinta-tripla\\\/#primaryimage\"},\"image\":{\"@id\":\"https:\\\/\\\/santeodoroholidays.it\\\/product\\\/la-cinta-tripla\\\/#primaryimage\"},\"thumbnailUrl\":\"https:\\\/\\\/santeodoroholidays.it\\\/wp-content\\\/uploads\\\/2025\\\/07\\\/DSC09184-HDR-Modifica_4_11zon.jpg\",\"datePublished\":\"2026-04-07T18:27:58+00:00\",\"dateModified\":\"2026-04-08T09:19:37+00:00\",\"breadcrumb\":{\"@id\":\"https:\\\/\\\/santeodoroholidays.it\\\/product\\\/la-cinta-tripla\\\/#breadcrumb\"},\"inLanguage\":\"fr-FR\",\"potentialAction\":[{\"@type\":\"ReadAction\",\"target\":[\"https:\\\/\\\/santeodoroholidays.it\\\/product\\\/la-cinta-tripla\\\/\"]}]},{\"@type\":\"ImageObject\",\"inLanguage\":\"fr-FR\",\"@id\":\"https:\\\/\\\/santeodoroholidays.it\\\/product\\\/la-cinta-tripla\\\/#primaryimage\",\"url\":\"https:\\\/\\\/santeodoroholidays.it\\\/wp-content\\\/uploads\\\/2025\\\/07\\\/DSC09184-HDR-Modifica_4_11zon.jpg\",\"contentUrl\":\"https:\\\/\\\/santeodoroholidays.it\\\/wp-content\\\/uploads\\\/2025\\\/07\\\/DSC09184-HDR-Modifica_4_11zon.jpg\",\"width\":1920,\"height\":1280},{\"@type\":\"BreadcrumbList\",\"@id\":\"https:\\\/\\\/santeodoroholidays.it\\\/product\\\/la-cinta-tripla\\\/#breadcrumb\",\"itemListElement\":[{\"@type\":\"ListItem\",\"position\":1,\"name\":\"Home\",\"item\":\"https:\\\/\\\/santeodoroholidays.it\\\/\"},{\"@type\":\"ListItem\",\"position\":2,\"name\":\"Pagamenti\",\"item\":\"https:\\\/\\\/santeodoroholidays.it\\\/pagamento\\\/\"},{\"@type\":\"ListItem\",\"position\":3,\"name\":\"La Cinta &#8211; Tripla\"}]},{\"@type\":\"WebSite\",\"@id\":\"https:\\\/\\\/santeodoroholidays.it\\\/#website\",\"url\":\"https:\\\/\\\/santeodoroholidays.it\\\/\",\"name\":\"San Teodoro Holidays\",\"description\":\"Affittacamere a San Teodoro\",\"publisher\":{\"@id\":\"https:\\\/\\\/santeodoroholidays.it\\\/#organization\"},\"potentialAction\":[{\"@type\":\"SearchAction\",\"target\":{\"@type\":\"EntryPoint\",\"urlTemplate\":\"https:\\\/\\\/santeodoroholidays.it\\\/?s={search_term_string}\"},\"query-input\":{\"@type\":\"PropertyValueSpecification\",\"valueRequired\":true,\"valueName\":\"search_term_string\"}}],\"inLanguage\":\"fr-FR\"},{\"@type\":\"Organization\",\"@id\":\"https:\\\/\\\/santeodoroholidays.it\\\/#organization\",\"name\":\"San Teodoro Holidays\",\"url\":\"https:\\\/\\\/santeodoroholidays.it\\\/\",\"logo\":{\"@type\":\"ImageObject\",\"inLanguage\":\"fr-FR\",\"@id\":\"https:\\\/\\\/santeodoroholidays.it\\\/#\\\/schema\\\/logo\\\/image\\\/\",\"url\":\"https:\\\/\\\/santeodoroholidays.it\\\/wp-content\\\/uploads\\\/2021\\\/04\\\/logo-santeodoro.png\",\"contentUrl\":\"https:\\\/\\\/santeodoroholidays.it\\\/wp-content\\\/uploads\\\/2021\\\/04\\\/logo-santeodoro.png\",\"width\":789,\"height\":313,\"caption\":\"San Teodoro Holidays\"},\"image\":{\"@id\":\"https:\\\/\\\/santeodoroholidays.it\\\/#\\\/schema\\\/logo\\\/image\\\/\"}}]}<\/script>\n<!-- \/ Yoast SEO plugin. -->","yoast_head_json":{"title":"La Cinta - Tripla - San Teodoro Holidays","robots":{"index":"index","follow":"follow","max-snippet":"max-snippet:-1","max-image-preview":"max-image-preview:large","max-video-preview":"max-video-preview:-1"},"canonical":"https:\/\/santeodoroholidays.it\/fr\/product\/la-cinta-tripla\/","og_locale":"fr_FR","og_type":"article","og_title":"La Cinta - Tripla - San Teodoro Holidays","og_description":"Situato a San Teodoro,\u00a0La Cinta\u00a0Luxury Home apre le porte ai suoi clienti nel giugno 2025. Di nuovissima realizzazione, Marm\u00e8 \u00e8 dotato di tutti i comfort per garantire la massima ospitalit\u00e0. Tutte le camere da 24 a 28 metri quadri, finemente arredate, sono raggiunte da connessione Wi-fi, dotate di armadio, scrivania, frigo bar, cassaforte, TV a [&hellip;]","og_url":"https:\/\/santeodoroholidays.it\/fr\/product\/la-cinta-tripla\/","og_site_name":"San Teodoro Holidays","article_modified_time":"2026-04-08T09:19:37+00:00","og_image":[{"width":1920,"height":1280,"url":"https:\/\/santeodoroholidays.it\/wp-content\/uploads\/2025\/07\/DSC09184-HDR-Modifica_4_11zon.jpg","type":"image\/jpeg"}],"twitter_card":"summary_large_image","twitter_misc":{"Dur\u00e9e de lecture estim\u00e9e":"1 minute"},"schema":{"@context":"https:\/\/schema.org","@graph":[{"@type":"WebPage","@id":"https:\/\/santeodoroholidays.it\/product\/la-cinta-tripla\/","url":"https:\/\/santeodoroholidays.it\/product\/la-cinta-tripla\/","name":"La Cinta - Tripla - San Teodoro Holidays","isPartOf":{"@id":"https:\/\/santeodoroholidays.it\/#website"},"primaryImageOfPage":{"@id":"https:\/\/santeodoroholidays.it\/product\/la-cinta-tripla\/#primaryimage"},"image":{"@id":"https:\/\/santeodoroholidays.it\/product\/la-cinta-tripla\/#primaryimage"},"thumbnailUrl":"https:\/\/santeodoroholidays.it\/wp-content\/uploads\/2025\/07\/DSC09184-HDR-Modifica_4_11zon.jpg","datePublished":"2026-04-07T18:27:58+00:00","dateModified":"2026-04-08T09:19:37+00:00","breadcrumb":{"@id":"https:\/\/santeodoroholidays.it\/product\/la-cinta-tripla\/#breadcrumb"},"inLanguage":"fr-FR","potentialAction":[{"@type":"ReadAction","target":["https:\/\/santeodoroholidays.it\/product\/la-cinta-tripla\/"]}]},{"@type":"ImageObject","inLanguage":"fr-FR","@id":"https:\/\/santeodoroholidays.it\/product\/la-cinta-tripla\/#primaryimage","url":"https:\/\/santeodoroholidays.it\/wp-content\/uploads\/2025\/07\/DSC09184-HDR-Modifica_4_11zon.jpg","contentUrl":"https:\/\/santeodoroholidays.it\/wp-content\/uploads\/2025\/07\/DSC09184-HDR-Modifica_4_11zon.jpg","width":1920,"height":1280},{"@type":"BreadcrumbList","@id":"https:\/\/santeodoroholidays.it\/product\/la-cinta-tripla\/#breadcrumb","itemListElement":[{"@type":"ListItem","position":1,"name":"Home","item":"https:\/\/santeodoroholidays.it\/"},{"@type":"ListItem","position":2,"name":"Pagamenti","item":"https:\/\/santeodoroholidays.it\/pagamento\/"},{"@type":"ListItem","position":3,"name":"La Cinta &#8211; Tripla"}]},{"@type":"WebSite","@id":"https:\/\/santeodoroholidays.it\/#website","url":"https:\/\/santeodoroholidays.it\/","name":"San Teodoro Holidays","description":"Affittacamere a San Teodoro","publisher":{"@id":"https:\/\/santeodoroholidays.it\/#organization"},"potentialAction":[{"@type":"SearchAction","target":{"@type":"EntryPoint","urlTemplate":"https:\/\/santeodoroholidays.it\/?s={search_term_string}"},"query-input":{"@type":"PropertyValueSpecification","valueRequired":true,"valueName":"search_term_string"}}],"inLanguage":"fr-FR"},{"@type":"Organization","@id":"https:\/\/santeodoroholidays.it\/#organization","name":"San Teodoro Holidays","url":"https:\/\/santeodoroholidays.it\/","logo":{"@type":"ImageObject","inLanguage":"fr-FR","@id":"https:\/\/santeodoroholidays.it\/#\/schema\/logo\/image\/","url":"https:\/\/santeodoroholidays.it\/wp-content\/uploads\/2021\/04\/logo-santeodoro.png","contentUrl":"https:\/\/santeodoroholidays.it\/wp-content\/uploads\/2021\/04\/logo-santeodoro.png","width":789,"height":313,"caption":"San Teodoro Holidays"},"image":{"@id":"https:\/\/santeodoroholidays.it\/#\/schema\/logo\/image\/"}}]}},"_links":{"self":[{"href":"https:\/\/santeodoroholidays.it\/fr\/wp-json\/wp\/v2\/product\/4993","targetHints":{"allow":["GET"]}}],"collection":[{"href":"https:\/\/santeodoroholidays.it\/fr\/wp-json\/wp\/v2\/product"}],"about":[{"href":"https:\/\/santeodoroholidays.it\/fr\/wp-json\/wp\/v2\/types\/product"}],"replies":[{"embeddable":true,"href":"https:\/\/santeodoroholidays.it\/fr\/wp-json\/wp\/v2\/comments?post=4993"}],"wp:featuredmedia":[{"embeddable":true,"href":"https:\/\/santeodoroholidays.it\/fr\/wp-json\/wp\/v2\/media\/4851"}],"wp:attachment":[{"href":"https:\/\/santeodoroholidays.it\/fr\/wp-json\/wp\/v2\/media?parent=4993"}],"wp:term":[{"taxonomy":"product_brand","embeddable":true,"href":"https:\/\/santeodoroholidays.it\/fr\/wp-json\/wp\/v2\/product_brand?post=4993"},{"taxonomy":"product_cat","embeddable":true,"href":"https:\/\/santeodoroholidays.it\/fr\/wp-json\/wp\/v2\/product_cat?post=4993"},{"taxonomy":"product_tag","embeddable":true,"href":"https:\/\/santeodoroholidays.it\/fr\/wp-json\/wp\/v2\/product_tag?post=4993"}],"curies":[{"name":"wp","href":"https:\/\/api.w.org\/{rel}","templated":true}]}}